{"id":99,"date":"2013-03-17T20:52:50","date_gmt":"2013-03-17T18:52:50","guid":{"rendered":"http:\/\/gstegernheim.wordpress.com\/?page_id=99"},"modified":"2022-02-08T13:32:13","modified_gmt":"2022-02-08T11:32:13","slug":"ganztagsschule-2","status":"publish","type":"page","link":"https:\/\/www.gs-tegernheim.de\/de\/?page_id=99","title":{"rendered":"Gebundener Ganztag"},"content":{"rendered":"<p><b>Gebundene Ganztagesschule an der Grundschule Tegernheim<\/b><\/p>\n<p>Leitung: Frau Barbara Cichy<\/p>\n<p>Seit dem Schuljahr 2010\/11 ist an der Grundschule Tegernheim der Gebundene Ganztageszug komplett. Seit diesem Schuljahr k\u00f6nnen in allen 4 Jahrgangsstufen sich die Eltern f\u00fcr ihre Kinder zwischen einer Regelklasse und einer gebundenen Ganztagesklasse entscheiden.<\/p>\n<p>In den gebundenen Ganztagesklassen gibt es f\u00fcr unsere Sch\u00fcler von Montag bis Donnerstag stets\u00a0 den gleichen Tagesrhythmus.<\/p>\n<p>In den Jahrgangsstufen 1 und 2 sind die Stunden 1 bis 4 (08.00 \u2013 11.30) und die Stunden 7 bis 9 (13.00 \u2013 15.15) fest in Lehrerhand. In diesen von Lehrkr\u00e4ften \u2013 zeitweise auch von 2 Lehrkr\u00e4ften &#8211; gestalteten Stunden finden der Pflichtunterricht, die Lern- und \u00dcbungszeiten und besondere Angebote statt. Die Stunden 5 und 6 (11.30 &#8211; 13.00) und die 10. Stunde (15.15 &#8211; 16.00) werden vom Betreuerteam gestaltet und dienen ausschlie\u00dflich der Erholung, Entspannung, Bewegung und dem Mittagessen.<\/p>\n<p>In den Jahrgangsstufen 3 und 4 sind die Stunden 1 bis 3 (08.00 \u2013 10.45), die Stunden 5 und 6 (11.30 \u2013 13.00) und die Stunden 8 bis 10 (13.45 \u2013 16.00) fest in Lehrerhand. In diesen von Lehrkr\u00e4ften \u2013 zeitweise auch von 2 Lehrkr\u00e4ften &#8211; gestalteten Stunden finden der Pflichtunterricht, die Lern- und \u00dcbungszeiten und besondere Angebote statt. Die Stunde 4 (10.45 \u2013 11.30) und die Stunde 7 (13.00 \u2013 13.45) werden vom Betreuerteam gestaltet und dienen ausschlie\u00dflich der Erholung, Entspannung, Bewegung und dem Mittagessen.<\/p>\n<p>Am Freitag endet f\u00fcr alle Klassen der verpflichtende Schultag nach der 4. Stunde um 11.30 Uhr. In der 5. und 6.Stunde k\u00f6nnen so alle Grundsch\u00fcler freiwillig zwischen Schulschach, Arbeitsgemeinschaften, Angeboten der Schulsozialarbeit oder der Ganztagsbetreuung w\u00e4hlen.<\/p>\n<p>Eine Besonderheit (Einzelgenehmigung durch das Kultusministerium) unserer gebundenen Ganztagessschule ist, dass die Ganztagessch\u00fcler der Klassen 1 und 2 von Montag bis Donnerstag auch schon um 15.15 Uhr (nach der 9. Stunde) nach Hause gehen k\u00f6nnten. Im Gegenzug bieten wir auch am Freitag \u00a0unseren Ganztagessch\u00fclern (allen Sch\u00fclern der Klassen 1 bis 4) eine verl\u00e4ssliche Betreuung bis maximal 16.00 Uhr an. Die Abhol- bzw. Heimgehzeiten sind an diesem Tag auf 13.00 Uhr, 14.00 Uhr, 15.00 Uhr und 16.00 Uhr festgelegt. Alle Sch\u00fcler, die l\u00e4nger als 13.00 Uhr bleiben, nehmen am gemeinsamen Mittagessen teil.<\/p>\n<p>Seit dem Schuljahr 2014\/15 haben wir die Genehmigung, dass wir bei Dreiz\u00fcgigkeit in einer Jahrgangsstufe bei Bedarf zwei Ganztagesklassen bilden d\u00fcrfen. Im aktuellen Schuljahr 2018\/19 werden 116 Sch\u00fcler in 5 Ganztagesklassen und 119 Sch\u00fcler in 6 Halbtagesklassen unterrichtet. 70 Sch\u00fcler der Halbtagesklassen besuchen die OGTS (siehe Offene Ganztagesschule). .<\/p>\n<p>Sieben Wochen Ferienbetreuung (siehe Ferienbetreuung) erg\u00e4nzen das Betreuungsangebot der GS Tegernheim.<\/p>\n<p>Seit September 2019 sorgt jeden Tag Firma Brunner f\u00fcr unser leibliches Wohl. Neben einer Vor- oder Nachspeise und einem Hauptgericht gibt es t\u00e4glich Salat an der Salatbar.<\/p>\n<p>Von Montag bis Donnerstag verlassen die Sch\u00fcler und Sch\u00fclerinnen (in der Regel) die Schule ohne Hausaufgabendruck. Da am Freitag f\u00fcr die Sch\u00fclerinnen und Sch\u00fcler keine verbindliche Lernzeit geplant ist, gibt es freitags f\u00fcr die Sch\u00fclerinnen und Sch\u00fcler einen (Haus-) Aufgabenplan, der bis zum Montag zu erledigen ist. So erhalten auch die Eltern Informationen \u00fcber die aktuellen Unterrichtsthemen und -inhalte.<\/p>\n<p>Im Rahmen des Betreuerteams arbeiten wir mit unserem Kooperationspartner der AWO \u2013 Arbeiterwohlfahrt \u2013 zusammen. So steht uns gut ausgebildetes und engagiertes Fachpersonal f\u00fcr die Gebundene Ganztagesschule zur Verf\u00fcgung. In Zusammenarbeit mit der FOS Pindl und der staatlichen FOS unterst\u00fctzen Praktikanten im Rahmen ihres Erziehlichen Praktikums unser Betreuungsteam.<\/p>\n<p>Das im Februar 1972 eingeweihte Schulgeb\u00e4ude mit Zweifachturnhalle wurde in den Jahren 2010 bis 2013 komplett saniert, umgebaut und f\u00fcr den Ganztagesbetrieb umgestaltet. Neben modernen, mit neuen Medien ausgestatteten Klassenzimmern wurden f\u00fcr die Sch\u00fcler Lern- und Differenzierungsr\u00e4ume, ein Spielzimmer und ein Entspannungs- und Ruheraum und eine\u00a0 Mensa errichtet.<\/p>\n<p>Die Mensa wurde mittlerweile erweitert f\u00fcr die Ausgabe von t\u00e4glich ca. 140 Mittagessen und ab dem Fr\u00fchjahr 2019 wird mit dem geplanten und genehmigten notwendig gewordenen Anbau f\u00fcr eine 3-z\u00fcgige Gebundene und Offene Ganztagesgrundschule begonnen. Ab Januar 2020 k\u00f6nnen dann wieder alle jetzt noch \u201efremdbelegten\u201c\u00a0 R\u00e4ume \u2013 Handarbeitsraum, Musikraum, Kunstraum, Mehrzweckraum, Entspannungsraum, Lernraum &#8211; ihrer Funktion zugef\u00fchrt werden. Auch soll mit dem Anbau die Erneuerung der Klassenzimmer hin zu \u201eDigitalen Klassenzimmern\u201c im Rahmen der \u201eDigitalisierung an Schulen\u201c schrittweise umgesetzt werden.<\/p>\n<p>Der Besuch der Ganztagesklassen ist auch f\u00fcr Sch\u00fcler au\u00dferhalb unseres Pflichtsprengels m\u00f6glich. Wenn es in Ganztagesklassen an unserer Schule freie Pl\u00e4tze gibt, dann ist (seit dem 1.August 2011) der Wunsch der Eltern, dass ihr Kind eine Ganztagesklasse besuchen soll, ausreichend. Die Sch\u00fclerinnen und Sch\u00fcler werden unserer gebundenen Ganztagesschule vom Schulamt zugewiesen und erhalten f\u00fcr den Schulweg auch die entsprechende (kostenlose) Busfahrkarte.<\/p>\n<p>F\u00fcr den Besuch der gebundenen Ganztagesschule entstehen den Eltern mit Ausnahme f\u00fcr das Mittagessens\u00a0 keine Kosten.<\/p>\n<p>F\u00fcr R\u00fcckfragen nehmen wir uns Zeit und informieren Sie auch gerne vor Ort.<\/p>\n","protected":false},"excerpt":{"rendered":"<p>Gebundene Ganztagesschule an der Grundschule Tegernheim Leitung: Frau Barbara Cichy Seit dem Schuljahr 2010\/11 ist an der Grundschule Tegernheim der Gebundene Ganztageszug komplett. Seit diesem Schuljahr k\u00f6nnen in allen 4 Jahrgangsstufen sich die Eltern f\u00fcr ihre Kinder zwischen einer Regelklasse und einer gebundenen Ganztagesklasse entscheiden. In den gebundenen Ganztagesklassen gibt es f\u00fcr unsere Sch\u00fcler von [&hellip;]<\/p>\n","protected":false},"author":4,"featured_media":0,"parent":0,"menu_order":1,"comment_status":"closed","ping_status":"closed","template":"","meta":{"_et_pb_use_builder":"","_et_pb_old_content":"","_et_gb_content_width":"","_custom_body_class":"","_custom_post_class":"","footnotes":""},"class_list":["post-99","page","type-page","status-publish","hentry"],"_links":{"self":[{"href":"https:\/\/www.gs-tegernheim.de\/de\/index.php?rest_route=\/wp\/v2\/pages\/99","targetHints":{"allow":["GET"]}}],"collection":[{"href":"https:\/\/www.gs-tegernheim.de\/de\/index.php?rest_route=\/wp\/v2\/pages"}],"about":[{"href":"https:\/\/www.gs-tegernheim.de\/de\/index.php?rest_route=\/wp\/v2\/types\/page"}],"author":[{"embeddable":true,"href":"https:\/\/www.gs-tegernheim.de\/de\/index.php?rest_route=\/wp\/v2\/users\/4"}],"replies":[{"embeddable":true,"href":"https:\/\/www.gs-tegernheim.de\/de\/index.php?rest_route=%2Fwp%2Fv2%2Fcomments&post=99"}],"version-history":[{"count":10,"href":"https:\/\/www.gs-tegernheim.de\/de\/index.php?rest_route=\/wp\/v2\/pages\/99\/revisions"}],"predecessor-version":[{"id":5454,"href":"https:\/\/www.gs-tegernheim.de\/de\/index.php?rest_route=\/wp\/v2\/pages\/99\/revisions\/5454"}],"wp:attachment":[{"href":"https:\/\/www.gs-tegernheim.de\/de\/index.php?rest_route=%2Fwp%2Fv2%2Fmedia&parent=99"}],"curies":[{"name":"wp","href":"https:\/\/api.w.org\/{rel}","templated":true}]}}