{"id":85,"date":"2013-03-17T20:43:43","date_gmt":"2013-03-17T18:43:43","guid":{"rendered":"http:\/\/gstegernheim.wordpress.com\/?page_id=85"},"modified":"2022-02-08T13:31:42","modified_gmt":"2022-02-08T11:31:42","slug":"klassen-und-schuler","status":"publish","type":"page","link":"https:\/\/www.gs-tegernheim.de\/de\/?page_id=85","title":{"rendered":"Klassen und Sch\u00fcler"},"content":{"rendered":"<p>Im Schuljahr <strong>2019\/20<\/strong> gibt es an unserer Schule <strong>12 Klassen<\/strong>, mit insgesamt<br \/>\nSch\u00fclerInnen in 6 Ganztagesklassen und Sch\u00fclerInnen in 6 Regelklassen.<\/p>\n<p><strong>Klasse 1A:<\/strong> Klassenleitung Frau Mayer\/Frau Klaus<br \/>\nSch\u00fclerInnen<\/p>\n<p><strong>Klasse 1BG:<\/strong> Klassenleitung Frau Reitbauer<br \/>\nSch\u00fclerInnen<\/p>\n<p><strong>Klasse 1CG:<\/strong> Klassenleitung Frau Klein<br \/>\nSch\u00fclerInnen<\/p>\n<p><strong>Klasse 2A:<\/strong> Klassenleitung Frau Peters<br \/>\n15 Sch\u00fclerInnen<\/p>\n<p><strong>Klasse 2BG:<\/strong> Klassenleitung Frau Unke-Vogl<br \/>\n25 Sch\u00fclerInnen<\/p>\n<p><strong>Klasse 2C<\/strong>: Klassenleitung Frau Weilhammer<br \/>\n15 Sch\u00fclerInnen<\/p>\n<p><strong>Klasse 3A<\/strong>: Klassenleitung Herr Prechtl<br \/>\nSch\u00fclerInnen<\/p>\n<p><strong>Klasse 3BG:<\/strong> Klassenleitung Frau Summer<br \/>\nSch\u00fclerInnen<\/p>\n<p><strong>Klasse 3C:<\/strong> Klassenleitung Frau Gl\u00f6bl<br \/>\n17 Sch\u00fclerInnen<\/p>\n<p><strong>Klasse 4A:<\/strong> Klassenleitung Frau Rester<br \/>\n26 Sch\u00fclerInnen<\/p>\n<p><strong>Klasse 4BG:<\/strong> Klassenleitung Frau Haag<br \/>\n20 Sch\u00fclerInnen<\/p>\n<p><strong>\u00a0Klasse 4CG: <\/strong>Klassenleitung Frau Zollner<strong><br \/>\n<\/strong>18 Sch\u00fclerInnen<\/p>\n","protected":false},"excerpt":{"rendered":"<p>Im Schuljahr 2019\/20 gibt es an unserer Schule 12 Klassen, mit insgesamt Sch\u00fclerInnen in 6 Ganztagesklassen und Sch\u00fclerInnen in 6 Regelklassen. Klasse 1A: Klassenleitung Frau Mayer\/Frau Klaus Sch\u00fclerInnen Klasse 1BG: Klassenleitung Frau Reitbauer Sch\u00fclerInnen Klasse 1CG: Klassenleitung Frau Klein Sch\u00fclerInnen Klasse 2A: Klassenleitung Frau Peters 15 Sch\u00fclerInnen Klasse 2BG: Klassenleitung Frau Unke-Vogl 25 Sch\u00fclerInnen Klasse [&hellip;]<\/p>\n","protected":false},"author":4,"featured_media":0,"parent":0,"menu_order":1,"comment_status":"closed","ping_status":"closed","template":"","meta":{"_et_pb_use_builder":"","_et_pb_old_content":"","_et_gb_content_width":"","_custom_body_class":"","_custom_post_class":"","footnotes":""},"class_list":["post-85","page","type-page","status-publish","hentry"],"_links":{"self":[{"href":"https:\/\/www.gs-tegernheim.de\/de\/index.php?rest_route=\/wp\/v2\/pages\/85","targetHints":{"allow":["GET"]}}],"collection":[{"href":"https:\/\/www.gs-tegernheim.de\/de\/index.php?rest_route=\/wp\/v2\/pages"}],"about":[{"href":"https:\/\/www.gs-tegernheim.de\/de\/index.php?rest_route=\/wp\/v2\/types\/page"}],"author":[{"embeddable":true,"href":"https:\/\/www.gs-tegernheim.de\/de\/index.php?rest_route=\/wp\/v2\/users\/4"}],"replies":[{"embeddable":true,"href":"https:\/\/www.gs-tegernheim.de\/de\/index.php?rest_route=%2Fwp%2Fv2%2Fcomments&post=85"}],"version-history":[{"count":38,"href":"https:\/\/www.gs-tegernheim.de\/de\/index.php?rest_route=\/wp\/v2\/pages\/85\/revisions"}],"predecessor-version":[{"id":5242,"href":"https:\/\/www.gs-tegernheim.de\/de\/index.php?rest_route=\/wp\/v2\/pages\/85\/revisions\/5242"}],"wp:attachment":[{"href":"https:\/\/www.gs-tegernheim.de\/de\/index.php?rest_route=%2Fwp%2Fv2%2Fmedia&parent=85"}],"curies":[{"name":"wp","href":"https:\/\/api.w.org\/{rel}","templated":true}]}}