{"id":6154,"date":"2022-02-09T14:31:01","date_gmt":"2022-02-09T12:31:01","guid":{"rendered":"https:\/\/www.gs-tegernheim.de\/de\/?page_id=6154"},"modified":"2025-09-05T10:48:12","modified_gmt":"2025-09-05T08:48:12","slug":"informationen-zum-uebertritt-2022","status":"publish","type":"page","link":"https:\/\/www.gs-tegernheim.de\/de\/?page_id=6154","title":{"rendered":"Informationen zum \u00dcbertritt 2026"},"content":{"rendered":"\n<h2 class=\"wp-block-heading\" id=\"sehr-geehrte-eltern-der-4-jahrgangstufe\">Sehr geehrte Eltern der Jahrgangstufe 4,<\/h2>\n\n\n\n<p>\u00fcblicherweise findet j\u00e4hrlich im Herbst der Informationsabend zum \u00dcbertritt statt. Bei dieser Veranstaltung sind auch immer die Vertreter aller weiterf\u00fchrenden Schularten (Mittelschule, Realschule, Wirtschaftsschule, Gymnasium) zu Gast und stellen die jeweilige Schulart mit ihren Besonderheiten vor.<\/p>\n\n\n\n<p>Wir m\u00f6chten Sie damit in geeigneter Weise \u00fcber die \u00dcbertrittsm\u00f6glichkeiten und -bedingungen informieren. Dazu finden Sie Pr\u00e4sentationen, Videos, Internetadressen und Informationsschreiben auf der Homepage.<\/p>\n\n\n\n<h3 class=\"wp-block-heading\" id=\"weitere-informationsquellen-sind\">Weitere Informationsquellen sind:<\/h3>\n\n\n\n<p><br><a href=\"https:\/\/meinbildungsweg.info\/\">https:\/\/meinbildungsweg.info\/<\/a><br><a href=\"https:\/\/www.km.bayern.de\/\" target=\"_blank\" rel=\"noreferrer noopener\">https:\/\/www.km.bayern.de\/<\/a><br><a rel=\"noreferrer noopener\" href=\"https:\/\/www.km.bayern.de\/eltern\/schularten\/uebertritt-schulartwechsel.html\" target=\"_blank\">https:\/\/www.km.bayern.de\/eltern\/schularten\/uebertritt-schulartwechsel.html<\/a><br><a rel=\"noreferrer noopener\" href=\"https:\/\/www.schulberatung.bayern.de\" target=\"_blank\">www.schulberatung.bayern.de<\/a><\/p>\n\n\n\n<p>Falls Sie noch Beratungsbedarf haben, d\u00fcrfen Sie sich gerne an die Klassenlehrkraft oder an die Schulleitung wenden.<\/p>\n\n\n\n<p>Um spezifische Informationen bez\u00fcglich der von Ihnen und Ihrem Kind favorisierten Schule zu erhalten, wenden Sie sich bitte direkt an die Bildungseinrichtung.<\/p>\n\n\n\n<h3 class=\"wp-block-heading\">Termine<\/h3>\n\n\n\n<p>Informationsabend Realschule Neutraubling: <\/p>\n\n\n\n<p>Informationsabend f\u00fcr die Wirtschaftsschule: <\/p>\n\n\n\n<p>Tag des offenen Schulhauses Wirtschaftsschule: <\/p>\n\n\n\n<p>Informationsabende der Gymnasien: <\/p>\n\n\n\n<p>Anmeldung am Gymnasium: <\/p>\n\n\n\n<p>Anmeldung an der Realschule: 0<\/p>\n\n\n\n<p>Anmeldung an der Wirtschaftsschule: ab sofort m\u00f6glich<\/p>\n\n\n\n<p>Anmeldung an der Mittelschule: dies ist nur f\u00fcr den Besuch einer Ganztagsschule notwendig<\/p>\n\n\n\n<p>Probeunterricht Gymnasium: 19.05. bis 21.05.2026<\/p>\n\n\n\n<p>Proberunterricht Realschule: 19.05. bis 21.05.2026<\/p>\n\n\n\n<h3 class=\"wp-block-heading\" id=\"neuerungen-seit-2020-beratungslehrkrafte-der-realschulen-und-gymnasien-als-ubertrittscoaches\">Neuerungen seit 2020 \u2013 Beratungslehrkr\u00e4fte der Realschulen und Gymnasien als \u201e\u00dcbertrittscoaches\u201c<\/h3>\n\n\n\n<p><em>Auszug aus dem KMS vom 18.07.2019:<\/em><\/p>\n\n\n\n<p>Die&nbsp;<strong>Beratungslehrkr\u00e4fte der staatlichen Realschulen und Gymnasien<\/strong>&nbsp;sollen als \u201e<strong>\u00dcbertrittscoaches<\/strong>\u201c Lehrkr\u00e4fte von Grundschulen auf deren Wunsch und Anfrage hin vor Ort an der jeweiligen Grundschule <strong>bei der Elternberatung<\/strong>&nbsp;zum \u00dcbertritt&nbsp;<strong>unterst\u00fctzen<\/strong>.<\/p>\n\n\n\n<p>Dabei kann die Beratungslehrkraft sowohl zusammen mit der Grundschullehrkraft als auch in Absprache mit dieser je nach konkreter Situation alleine das Elterngespr\u00e4ch f\u00fchren.<\/p>\n\n\n\n<h3 class=\"wp-block-heading\" id=\"flankierende-aufgabe-der-beratungslehrkrafte\">Flankierende Aufgabe der Beratungslehrkr\u00e4fte:<\/h3>\n\n\n\n<ul class=\"wp-block-list\">\n<li>enge Vernetzung mit den Lehrkr\u00e4ften der Grundschulen,<\/li>\n\n\n\n<li>die Kontinuit\u00e4t und die \u00dcberg\u00e4nge der Lernkultur zwischen Grundschule und weiterf\u00fchrenden Schulen weiter verbessern, z.B. durch Fortf\u00fchrung der an der Grundschule grundgelegten Sozial- und Arbeitsformen in den Eingangsklassen der weiterf\u00fchrenden Schulen<\/li>\n<\/ul>\n\n\n\n<h3 class=\"wp-block-heading\" id=\"informationen-zu-den-st-marien-schulen-der-schulstiftung-der-diozese-regensburg-https-www-st-marien-schulen-regensburg-de-home-imagefilme-zur-praesentation-der-st-marien-schulen-schulhausfuehrungen-aufnahmemodalitaeten-html\">Informationen zu den St. Marien-Schulen der Schulstiftung der Di\u00f6zese Regensburg:<\/h3>\n\n\n\n<p id=\"informationen-zu-den-st-marien-schulen-der-schulstiftung-der-diozese-regensburg-https-www-st-marien-schulen-regensburg-de-home-imagefilme-zur-praesentation-der-st-marien-schulen-schulhausfuehrungen-aufnahmemodalitaeten-html\"><a href=\"https:\/\/www.st-marien-schulen-regensburg.de\/home\/imagefilme-zur-praesentation-der-st-marien-schulen-schulhausfuehrungen-aufnahmemodalitaeten.html\" target=\"_blank\" rel=\"noreferrer noopener\">https:\/\/www.st-marien-schulen-regensburg.de\/home\/imagefilme-zur-praesentation-der-st-marien-schulen-schulhausfuehrungen-aufnahmemodalitaeten.html<\/a><\/p>\n","protected":false},"excerpt":{"rendered":"<p>Sehr geehrte Eltern der Jahrgangstufe 4, \u00fcblicherweise findet j\u00e4hrlich im Herbst der Informationsabend zum \u00dcbertritt statt. Bei dieser Veranstaltung sind auch immer die Vertreter aller weiterf\u00fchrenden Schularten (Mittelschule, Realschule, Wirtschaftsschule, Gymnasium) zu Gast und stellen die jeweilige Schulart mit ihren Besonderheiten vor. Wir m\u00f6chten Sie damit in geeigneter Weise \u00fcber die \u00dcbertrittsm\u00f6glichkeiten und -bedingungen informieren. [&hellip;]<\/p>\n","protected":false},"author":8,"featured_media":0,"parent":0,"menu_order":0,"comment_status":"closed","ping_status":"closed","template":"","meta":{"_et_pb_use_builder":"off","_et_pb_old_content":"","_et_gb_content_width":"","_custom_body_class":"","_custom_post_class":"","footnotes":""},"class_list":["post-6154","page","type-page","status-publish","hentry"],"_links":{"self":[{"href":"https:\/\/www.gs-tegernheim.de\/de\/index.php?rest_route=\/wp\/v2\/pages\/6154","targetHints":{"allow":["GET"]}}],"collection":[{"href":"https:\/\/www.gs-tegernheim.de\/de\/index.php?rest_route=\/wp\/v2\/pages"}],"about":[{"href":"https:\/\/www.gs-tegernheim.de\/de\/index.php?rest_route=\/wp\/v2\/types\/page"}],"author":[{"embeddable":true,"href":"https:\/\/www.gs-tegernheim.de\/de\/index.php?rest_route=\/wp\/v2\/users\/8"}],"replies":[{"embeddable":true,"href":"https:\/\/www.gs-tegernheim.de\/de\/index.php?rest_route=%2Fwp%2Fv2%2Fcomments&post=6154"}],"version-history":[{"count":20,"href":"https:\/\/www.gs-tegernheim.de\/de\/index.php?rest_route=\/wp\/v2\/pages\/6154\/revisions"}],"predecessor-version":[{"id":10392,"href":"https:\/\/www.gs-tegernheim.de\/de\/index.php?rest_route=\/wp\/v2\/pages\/6154\/revisions\/10392"}],"wp:attachment":[{"href":"https:\/\/www.gs-tegernheim.de\/de\/index.php?rest_route=%2Fwp%2Fv2%2Fmedia&parent=6154"}],"curies":[{"name":"wp","href":"https:\/\/api.w.org\/{rel}","templated":true}]}}