{"id":6054,"date":"2022-02-07T17:10:36","date_gmt":"2022-02-07T15:10:36","guid":{"rendered":"https:\/\/www.gs-tegernheim.de\/de\/?page_id=6054"},"modified":"2022-03-08T19:21:42","modified_gmt":"2022-03-08T17:21:42","slug":"krisentelefon","status":"publish","type":"page","link":"https:\/\/www.gs-tegernheim.de\/de\/?page_id=6054","title":{"rendered":"Krisentelefon"},"content":{"rendered":"\n<figure class=\"wp-block-image size-full\"><img loading=\"lazy\" decoding=\"async\" width=\"143\" height=\"62\" src=\"https:\/\/www.gs-tegernheim.de\/de\/wp-content\/uploads\/2021\/10\/Schulpastoral.png\" alt=\"\" class=\"wp-image-5849\"\/><\/figure>\n\n\n\n<h2 class=\"wp-block-heading\">KRISENTELEFON \u2013 ein Angebot f\u00fcr Sch\u00fcler\/innen und Eltern<\/h2>\n\n\n\n<p>F\u00e4llt dir die Decke auf den Kopf?<br>Gibt es st\u00e4ndig Streit daheim?<br>Brauchst du jemanden zum Reden?<br>Bist du irgendwie in Not?<br>DANN RUF UNS AN!!<\/p>\n\n\n\n<p>Gibt es Probleme mit der aktuellen Situation und Sie m\u00f6chten mit jemanden dar\u00fcber sprechen?<br>Ben\u00f6tigen Sie Hilfe, weil Sie Gewalt ausgesetzt sind?<br>RUFEN SIE UNS AN!<\/p>\n\n\n\n<p>Anrufen k\u00f6nnen bei unserem \u201eKrisentelefon\u201c Sch\u00fclerinnen und Sch\u00fcler, aber auch Eltern, die Gespr\u00e4chsbedarf haben, jemanden zum Reden brauchen, denen die Decke auf den Kopf f\u00e4llt oder die \u2013 schlimmstenfalls \u2013 tats\u00e4chlich in arger Not sind, weil sie h\u00e4uslicher oder sexualisierter Gewalt o.\u00e4. ausgesetzt sind.<\/p>\n\n\n\n<p>Zeiten:\u00a0 Montag \u2013 Freitag, 9 \u2013 12 und 14 \u2013 17 Uhr<br>Nummer:\u00a00160 \/ 96 69 65 29<\/p>\n","protected":false},"excerpt":{"rendered":"<p>KRISENTELEFON \u2013 ein Angebot f\u00fcr Sch\u00fcler\/innen und Eltern F\u00e4llt dir die Decke auf den Kopf?Gibt es st\u00e4ndig Streit daheim?Brauchst du jemanden zum Reden?Bist du irgendwie in Not?DANN RUF UNS AN!! Gibt es Probleme mit der aktuellen Situation und Sie m\u00f6chten mit jemanden dar\u00fcber sprechen?Ben\u00f6tigen Sie Hilfe, weil Sie Gewalt ausgesetzt sind?RUFEN SIE UNS AN! Anrufen [&hellip;]<\/p>\n","protected":false},"author":7,"featured_media":0,"parent":0,"menu_order":0,"comment_status":"closed","ping_status":"closed","template":"","meta":{"_et_pb_use_builder":"off","_et_pb_old_content":"","_et_gb_content_width":"","_custom_body_class":"","_custom_post_class":"","footnotes":""},"class_list":["post-6054","page","type-page","status-publish","hentry"],"_links":{"self":[{"href":"https:\/\/www.gs-tegernheim.de\/de\/index.php?rest_route=\/wp\/v2\/pages\/6054","targetHints":{"allow":["GET"]}}],"collection":[{"href":"https:\/\/www.gs-tegernheim.de\/de\/index.php?rest_route=\/wp\/v2\/pages"}],"about":[{"href":"https:\/\/www.gs-tegernheim.de\/de\/index.php?rest_route=\/wp\/v2\/types\/page"}],"author":[{"embeddable":true,"href":"https:\/\/www.gs-tegernheim.de\/de\/index.php?rest_route=\/wp\/v2\/users\/7"}],"replies":[{"embeddable":true,"href":"https:\/\/www.gs-tegernheim.de\/de\/index.php?rest_route=%2Fwp%2Fv2%2Fcomments&post=6054"}],"version-history":[{"count":4,"href":"https:\/\/www.gs-tegernheim.de\/de\/index.php?rest_route=\/wp\/v2\/pages\/6054\/revisions"}],"predecessor-version":[{"id":6670,"href":"https:\/\/www.gs-tegernheim.de\/de\/index.php?rest_route=\/wp\/v2\/pages\/6054\/revisions\/6670"}],"wp:attachment":[{"href":"https:\/\/www.gs-tegernheim.de\/de\/index.php?rest_route=%2Fwp%2Fv2%2Fmedia&parent=6054"}],"curies":[{"name":"wp","href":"https:\/\/api.w.org\/{rel}","templated":true}]}}