{"id":6052,"date":"2022-02-07T17:10:21","date_gmt":"2022-02-07T15:10:21","guid":{"rendered":"https:\/\/www.gs-tegernheim.de\/de\/?page_id=6052"},"modified":"2022-02-09T15:07:41","modified_gmt":"2022-02-09T13:07:41","slug":"hilfsangebote-bei-depressionen-angststoerungen","status":"publish","type":"page","link":"https:\/\/www.gs-tegernheim.de\/de\/?page_id=6052","title":{"rendered":"Hilfsangebote bei Depressionen &#038; Angstst\u00f6rungen"},"content":{"rendered":"\n<h2 class=\"wp-block-heading\" id=\"ubersicht-uber-innerschulische-und-ausserschulische-hilfsangebote\"><strong>\u00dcbersicht \u00fcber innerschulische und au\u00dferschulische Hilfsangebote<\/strong><\/h2>\n\n\n\n<p>Insbesondere auch Unterst\u00fctzungsm\u00f6glichkeiten in Zeiten von Corona finden Sie in der<br>\u00dcbersicht der Staatlichen Schulberatungsstelle f\u00fcr die Oberpfalz.<\/p>\n\n\n\n<div class=\"wp-block-buttons is-layout-flex wp-block-buttons-is-layout-flex\">\n<div class=\"wp-block-button\"><a class=\"wp-block-button__link\" href=\"https:\/\/www.gs-tegernheim.de\/de\/wp-content\/uploads\/2022\/02\/Hilfsangebote-in-der-Coronakrise-Februar-21.pdf\" target=\"_blank\" rel=\"noreferrer noopener\">Dowload PDF<\/a><\/div>\n<\/div>\n\n\n\n<p><\/p>\n","protected":false},"excerpt":{"rendered":"<p>\u00dcbersicht \u00fcber innerschulische und au\u00dferschulische Hilfsangebote Insbesondere auch Unterst\u00fctzungsm\u00f6glichkeiten in Zeiten von Corona finden Sie in der\u00dcbersicht der Staatlichen Schulberatungsstelle f\u00fcr die Oberpfalz.<\/p>\n","protected":false},"author":7,"featured_media":0,"parent":0,"menu_order":0,"comment_status":"closed","ping_status":"closed","template":"","meta":{"_et_pb_use_builder":"off","_et_pb_old_content":"","_et_gb_content_width":"","_custom_body_class":"","_custom_post_class":"","footnotes":""},"class_list":["post-6052","page","type-page","status-publish","hentry"],"_links":{"self":[{"href":"https:\/\/www.gs-tegernheim.de\/de\/index.php?rest_route=\/wp\/v2\/pages\/6052","targetHints":{"allow":["GET"]}}],"collection":[{"href":"https:\/\/www.gs-tegernheim.de\/de\/index.php?rest_route=\/wp\/v2\/pages"}],"about":[{"href":"https:\/\/www.gs-tegernheim.de\/de\/index.php?rest_route=\/wp\/v2\/types\/page"}],"author":[{"embeddable":true,"href":"https:\/\/www.gs-tegernheim.de\/de\/index.php?rest_route=\/wp\/v2\/users\/7"}],"replies":[{"embeddable":true,"href":"https:\/\/www.gs-tegernheim.de\/de\/index.php?rest_route=%2Fwp%2Fv2%2Fcomments&post=6052"}],"version-history":[{"count":4,"href":"https:\/\/www.gs-tegernheim.de\/de\/index.php?rest_route=\/wp\/v2\/pages\/6052\/revisions"}],"predecessor-version":[{"id":6185,"href":"https:\/\/www.gs-tegernheim.de\/de\/index.php?rest_route=\/wp\/v2\/pages\/6052\/revisions\/6185"}],"wp:attachment":[{"href":"https:\/\/www.gs-tegernheim.de\/de\/index.php?rest_route=%2Fwp%2Fv2%2Fmedia&parent=6052"}],"curies":[{"name":"wp","href":"https:\/\/api.w.org\/{rel}","templated":true}]}}