{"id":6043,"date":"2022-02-07T17:06:58","date_gmt":"2022-02-07T15:06:58","guid":{"rendered":"https:\/\/www.gs-tegernheim.de\/de\/?page_id=6043"},"modified":"2022-03-09T17:11:14","modified_gmt":"2022-03-09T15:11:14","slug":"antrag-auf-schulbefreiung","status":"publish","type":"page","link":"https:\/\/www.gs-tegernheim.de\/de\/?page_id=6043","title":{"rendered":"Antrag auf Schulbefreiung"},"content":{"rendered":"\n<p>Nur in begr\u00fcndeten Ausnahmef\u00e4llen kann eine zeitlich begrenzte Unterrichtsbefreiung auf Antragstellung der Erziehungsberechtigten durch die Schulleitung erfolgen. Eine Unterrichtsbefreiung unmittelbar vor Ferienbeginn wird nur in Notf\u00e4llen wie beispielsweise Todesfall oder schwere Erkrankung von Familienmitgliedern genehmigt.<\/p>\n\n\n\n<p>Arzttermine m\u00fcssen generell au\u00dferhalb der Unterrichtszeit vereinbart werden. Das gilt insbesondere auch f\u00fcr den Nachmittagsunterricht im Ganztag.<\/p>\n\n\n\n<div class=\"wp-block-buttons is-layout-flex wp-block-buttons-is-layout-flex\">\n<div class=\"wp-block-button\"><a class=\"wp-block-button__link\" href=\"https:\/\/www.gs-tegernheim.de\/de\/wp-content\/uploads\/2022\/03\/2022-U-Befreiung.pdf\" target=\"_blank\" rel=\"noreferrer noopener\">Antrag als PDF<\/a><\/div>\n<\/div>\n","protected":false},"excerpt":{"rendered":"<p>Nur in begr\u00fcndeten Ausnahmef\u00e4llen kann eine zeitlich begrenzte Unterrichtsbefreiung auf Antragstellung der Erziehungsberechtigten durch die Schulleitung erfolgen. Eine Unterrichtsbefreiung unmittelbar vor Ferienbeginn wird nur in Notf\u00e4llen wie beispielsweise Todesfall oder schwere Erkrankung von Familienmitgliedern genehmigt. Arzttermine m\u00fcssen generell au\u00dferhalb der Unterrichtszeit vereinbart werden. Das gilt insbesondere auch f\u00fcr den Nachmittagsunterricht im Ganztag.<\/p>\n","protected":false},"author":7,"featured_media":0,"parent":0,"menu_order":0,"comment_status":"closed","ping_status":"closed","template":"","meta":{"_et_pb_use_builder":"off","_et_pb_old_content":"","_et_gb_content_width":"","_custom_body_class":"","_custom_post_class":"","footnotes":""},"class_list":["post-6043","page","type-page","status-publish","hentry"],"_links":{"self":[{"href":"https:\/\/www.gs-tegernheim.de\/de\/index.php?rest_route=\/wp\/v2\/pages\/6043","targetHints":{"allow":["GET"]}}],"collection":[{"href":"https:\/\/www.gs-tegernheim.de\/de\/index.php?rest_route=\/wp\/v2\/pages"}],"about":[{"href":"https:\/\/www.gs-tegernheim.de\/de\/index.php?rest_route=\/wp\/v2\/types\/page"}],"author":[{"embeddable":true,"href":"https:\/\/www.gs-tegernheim.de\/de\/index.php?rest_route=\/wp\/v2\/users\/7"}],"replies":[{"embeddable":true,"href":"https:\/\/www.gs-tegernheim.de\/de\/index.php?rest_route=%2Fwp%2Fv2%2Fcomments&post=6043"}],"version-history":[{"count":2,"href":"https:\/\/www.gs-tegernheim.de\/de\/index.php?rest_route=\/wp\/v2\/pages\/6043\/revisions"}],"predecessor-version":[{"id":6719,"href":"https:\/\/www.gs-tegernheim.de\/de\/index.php?rest_route=\/wp\/v2\/pages\/6043\/revisions\/6719"}],"wp:attachment":[{"href":"https:\/\/www.gs-tegernheim.de\/de\/index.php?rest_route=%2Fwp%2Fv2%2Fmedia&parent=6043"}],"curies":[{"name":"wp","href":"https:\/\/api.w.org\/{rel}","templated":true}]}}