{"id":6031,"date":"2022-02-07T17:01:24","date_gmt":"2022-02-07T15:01:24","guid":{"rendered":"https:\/\/www.gs-tegernheim.de\/de\/?page_id=6031"},"modified":"2025-10-28T11:33:39","modified_gmt":"2025-10-28T09:33:39","slug":"soziales-lernen","status":"publish","type":"page","link":"https:\/\/www.gs-tegernheim.de\/de\/?page_id=6031","title":{"rendered":"Soziales Lernen"},"content":{"rendered":"\n<h2 class=\"wp-block-heading\">Jahrgangsstufe 1 und 2<\/h2>\n\n\n\n<p>Im Verlauf des ersten Schuljahres nehmen die Kinder im Klassenverbund am Projekt <strong>&#8222;Klasse werden &#8211; Klasse sein&#8220;<\/strong> teil. Durch gezielte \u00dcbungen wird den Kindern die M\u00f6glichkeit er\u00f6ffnet, ihre Mitsch\u00fcler und auch sich selbst als wertvollen Teil der Klassengemeinschaft zu erleben. Sie erfahren, dass Gemeinschaft etwas Tolles ist und nur gelingen kann, wenn jeder seinen Beitrag dazu leistet.<\/p>\n\n\n\n<p>Im zweiten Schuljahr werden die bearbeiteten Themen und Inhalte aus dem letzten Schuljahr erneut aufgegriffen, weitere Aktivit\u00e4ten werden daran angekn\u00fcpft.<\/p>\n\n\n\n<h2 class=\"wp-block-heading\">Jahrgangsstufe 3<\/h2>\n\n\n\n<p><strong>Die Ziele von &#8222;Stark auch ohne Muckis&#8220; sind:<\/strong> perso\u0308nliche Sta\u0308rken selbstbewusst und angemessen einsetzen, die individuelle ko\u0308rperliche Grenze erkennen, deutlich machen und bei anderen respektieren, erproben, wie man sich in brenzligen Situationen schu\u0308tzen und wehren kann, erlebte, beobachtete oder fiktive Konfliktsituationen nachspielen und gewaltfrei bewa\u0308ltigen, die Akzeptanz fu\u0308r Unterschiedlichkeit fo\u0308rdern und Anregungen zur Verbesserung des sozialen Miteinanders erarbeiten.<\/p>\n\n\n\n<h2 class=\"wp-block-heading\">Jahrgangsstufe 4<\/h2>\n\n\n\n<p>Flo\u00dfbau am Guggenberger Weiher mit Spielen und Kooperationsaufgaben das Miteinander in der Klasse f\u00f6rdern und ausbauen; trainieren eigene Bed\u00fcrfnisse klar und freundlich auszudr\u00fccken; verstehen lernen wie sich eigene \u00c4u\u00dferungen und Handlungen auf die Gemeinschaft auswirken; Zuh\u00f6ren \u00fcben, um zu Entscheidungen in der Gruppe zu finden.<\/p>\n\n\n\n<p>Weitere Projekte und Aktivit\u00e4ten sind geplant und werden kontinuierlich erarbeitet.<\/p>\n","protected":false},"excerpt":{"rendered":"<p>Jahrgangsstufe 1 und 2 Im Verlauf des ersten Schuljahres nehmen die Kinder im Klassenverbund am Projekt &#8222;Klasse werden &#8211; Klasse sein&#8220; teil. Durch gezielte \u00dcbungen wird den Kindern die M\u00f6glichkeit er\u00f6ffnet, ihre Mitsch\u00fcler und auch sich selbst als wertvollen Teil der Klassengemeinschaft zu erleben. Sie erfahren, dass Gemeinschaft etwas Tolles ist und nur gelingen kann, [&hellip;]<\/p>\n","protected":false},"author":7,"featured_media":0,"parent":0,"menu_order":0,"comment_status":"closed","ping_status":"closed","template":"","meta":{"_et_pb_use_builder":"off","_et_pb_old_content":"","_et_gb_content_width":"","_custom_body_class":"","_custom_post_class":"","footnotes":""},"class_list":["post-6031","page","type-page","status-publish","hentry"],"_links":{"self":[{"href":"https:\/\/www.gs-tegernheim.de\/de\/index.php?rest_route=\/wp\/v2\/pages\/6031","targetHints":{"allow":["GET"]}}],"collection":[{"href":"https:\/\/www.gs-tegernheim.de\/de\/index.php?rest_route=\/wp\/v2\/pages"}],"about":[{"href":"https:\/\/www.gs-tegernheim.de\/de\/index.php?rest_route=\/wp\/v2\/types\/page"}],"author":[{"embeddable":true,"href":"https:\/\/www.gs-tegernheim.de\/de\/index.php?rest_route=\/wp\/v2\/users\/7"}],"replies":[{"embeddable":true,"href":"https:\/\/www.gs-tegernheim.de\/de\/index.php?rest_route=%2Fwp%2Fv2%2Fcomments&post=6031"}],"version-history":[{"count":5,"href":"https:\/\/www.gs-tegernheim.de\/de\/index.php?rest_route=\/wp\/v2\/pages\/6031\/revisions"}],"predecessor-version":[{"id":10579,"href":"https:\/\/www.gs-tegernheim.de\/de\/index.php?rest_route=\/wp\/v2\/pages\/6031\/revisions\/10579"}],"wp:attachment":[{"href":"https:\/\/www.gs-tegernheim.de\/de\/index.php?rest_route=%2Fwp%2Fv2%2Fmedia&parent=6031"}],"curies":[{"name":"wp","href":"https:\/\/api.w.org\/{rel}","templated":true}]}}