{"id":5804,"date":"2021-10-09T17:28:28","date_gmt":"2021-10-09T15:28:28","guid":{"rendered":"https:\/\/www.gs-tegernheim.de\/de\/?page_id=5804"},"modified":"2022-02-16T15:37:56","modified_gmt":"2022-02-16T13:37:56","slug":"infos-fuer-schueler-und-eltern","status":"publish","type":"page","link":"https:\/\/www.gs-tegernheim.de\/de\/?page_id=5804","title":{"rendered":"Infos f\u00fcr Sch\u00fcler und Eltern"},"content":{"rendered":"\n<h2 class=\"wp-block-heading\" id=\"fur-schuler\"><strong>F\u00fcr Sch\u00fcler<\/strong><\/h2>\n\n\n\n<p><strong>Informationen zum \u00dcbertritt oder Schulartwechsel:<\/strong><br><a rel=\"noreferrer noopener\" href=\"https:\/\/www.km.bayern.de\/schueler\/schularten\/uebertritt-schulartwechsel.html\" target=\"_blank\">https:\/\/www.km.bayern.de\/schueler\/schularten\/uebertritt-schulartwechsel.html<\/a><\/p>\n\n\n\n<p><strong>Hilfestellung und Kontakte bei schulischen oder pers\u00f6nlichen Problemen:<\/strong><br><a rel=\"noreferrer noopener\" href=\"https:\/\/www.km.bayern.de\/schueler\/was-tun-bei.html\" target=\"_blank\">https:\/\/www.km.bayern.de\/schueler\/was-tun-bei.html<\/a><\/p>\n\n\n\n<h2 class=\"wp-block-heading\" id=\"fur-eltern\"><strong><br>F\u00fcr Eltern<\/strong><\/h2>\n\n\n\n<p><strong>Festlegungen zur Arbeit des Elternbeirats:<\/strong><br><a rel=\"noreferrer noopener\" href=\"https:\/\/www.km.bayern.de\/eltern\/schule-und-mehr\/elternbeirat.html\" target=\"_blank\">https:\/\/www.km.bayern.de\/eltern\/schule-und-mehr\/elternbeirat.html<\/a><\/p>\n\n\n\n<p><strong>Das bayerische Schulsystem im \u00dcberblick:<\/strong><br><a rel=\"noreferrer noopener\" href=\"https:\/\/www.km.bayern.de\/eltern\/schularten.html\" target=\"_blank\">https:\/\/www.km.bayern.de\/eltern\/schularten.html<\/a><\/p>\n\n\n\n<p><strong>Informationen zur Vereinbarkeit von Schule und Beruf:<\/strong><br><a rel=\"noreferrer noopener\" href=\"https:\/\/www.km.bayern.de\/eltern\/schule-und-familie.html\" target=\"_blank\">https:\/\/www.km.bayern.de\/eltern\/schule-und-familie.html<\/a><\/p>\n\n\n\n<p><strong>Rechte und Pflichten der Eltern gegen\u00fcber der Schule:<\/strong><br><a rel=\"noreferrer noopener\" href=\"https:\/\/km.bayern.de\/eltern\/was-tun-bei\/rechte-und-pflichten.html\" target=\"_blank\">https:\/\/km.bayern.de\/eltern\/was-tun-bei\/rechte-und-pflichten.html<\/a><\/p>\n\n\n\n<p><strong>Interaktiver Bildungswegplaner:<\/strong><br><a rel=\"noreferrer noopener\" href=\"https:\/\/www.mein-bildungsweg.de\" target=\"_blank\">https:\/\/www.mein-bildungsweg.de<\/a><\/p>\n\n\n\n<h2 class=\"wp-block-heading\" id=\"internetseiten-fur-kinder\"><br>Internetseiten f\u00fcr Kinder<\/h2>\n\n\n\n<p><a rel=\"noreferrer noopener\" href=\"https:\/\/www.internet-abc.de\/\" target=\"_blank\">www.internet-abc.de<\/a><br><a rel=\"noreferrer noopener\" href=\"https:\/\/www.fragfinn.de\/\" target=\"_blank\">www.fragfinn.de<\/a><br><a rel=\"noreferrer noopener\" href=\"https:\/\/www.blinde-kuh.de\/index.html\" target=\"_blank\">www.blinde-kuh.de<\/a><\/p>\n","protected":false},"excerpt":{"rendered":"<p>F\u00fcr Sch\u00fcler Informationen zum \u00dcbertritt oder Schulartwechsel:https:\/\/www.km.bayern.de\/schueler\/schularten\/uebertritt-schulartwechsel.html Hilfestellung und Kontakte bei schulischen oder pers\u00f6nlichen Problemen:https:\/\/www.km.bayern.de\/schueler\/was-tun-bei.html F\u00fcr Eltern Festlegungen zur Arbeit des Elternbeirats:https:\/\/www.km.bayern.de\/eltern\/schule-und-mehr\/elternbeirat.html Das bayerische Schulsystem im \u00dcberblick:https:\/\/www.km.bayern.de\/eltern\/schularten.html Informationen zur Vereinbarkeit von Schule und Beruf:https:\/\/www.km.bayern.de\/eltern\/schule-und-familie.html Rechte und Pflichten der Eltern gegen\u00fcber der Schule:https:\/\/km.bayern.de\/eltern\/was-tun-bei\/rechte-und-pflichten.html Interaktiver Bildungswegplaner:https:\/\/www.mein-bildungsweg.de Internetseiten f\u00fcr Kinder www.internet-abc.dewww.fragfinn.dewww.blinde-kuh.de<\/p>\n","protected":false},"author":7,"featured_media":0,"parent":0,"menu_order":0,"comment_status":"closed","ping_status":"closed","template":"","meta":{"_et_pb_use_builder":"","_et_pb_old_content":"","_et_gb_content_width":"","_custom_body_class":"","_custom_post_class":"","footnotes":""},"class_list":["post-5804","page","type-page","status-publish","hentry"],"_links":{"self":[{"href":"https:\/\/www.gs-tegernheim.de\/de\/index.php?rest_route=\/wp\/v2\/pages\/5804","targetHints":{"allow":["GET"]}}],"collection":[{"href":"https:\/\/www.gs-tegernheim.de\/de\/index.php?rest_route=\/wp\/v2\/pages"}],"about":[{"href":"https:\/\/www.gs-tegernheim.de\/de\/index.php?rest_route=\/wp\/v2\/types\/page"}],"author":[{"embeddable":true,"href":"https:\/\/www.gs-tegernheim.de\/de\/index.php?rest_route=\/wp\/v2\/users\/7"}],"replies":[{"embeddable":true,"href":"https:\/\/www.gs-tegernheim.de\/de\/index.php?rest_route=%2Fwp%2Fv2%2Fcomments&post=5804"}],"version-history":[{"count":5,"href":"https:\/\/www.gs-tegernheim.de\/de\/index.php?rest_route=\/wp\/v2\/pages\/5804\/revisions"}],"predecessor-version":[{"id":6367,"href":"https:\/\/www.gs-tegernheim.de\/de\/index.php?rest_route=\/wp\/v2\/pages\/5804\/revisions\/6367"}],"wp:attachment":[{"href":"https:\/\/www.gs-tegernheim.de\/de\/index.php?rest_route=%2Fwp%2Fv2%2Fmedia&parent=5804"}],"curies":[{"name":"wp","href":"https:\/\/api.w.org\/{rel}","templated":true}]}}