{"id":5781,"date":"2021-10-09T16:48:04","date_gmt":"2021-10-09T14:48:04","guid":{"rendered":"https:\/\/www.gs-tegernheim.de\/de\/?page_id=5781"},"modified":"2026-03-11T09:42:29","modified_gmt":"2026-03-11T07:42:29","slug":"ganztagsschule","status":"publish","type":"page","link":"https:\/\/www.gs-tegernheim.de\/de\/?page_id=5781","title":{"rendered":"Ganztag"},"content":{"rendered":"\n<div class=\"wp-block-columns is-layout-flex wp-container-core-columns-is-layout-9d6595d7 wp-block-columns-is-layout-flex\">\n<div class=\"wp-block-column is-layout-flow wp-block-column-is-layout-flow\">\n<div class=\"wp-block-buttons is-layout-flex wp-block-buttons-is-layout-flex\">\n<div class=\"wp-block-button\"><a class=\"wp-block-button__link wp-element-button\" href=\"#gebunden\">Gebundener Ganztag<\/a><\/div>\n<\/div>\n\n\n\n<div style=\"height:15px\" aria-hidden=\"true\" class=\"wp-block-spacer\"><\/div>\n<\/div>\n\n\n\n<div class=\"wp-block-column is-layout-flow wp-block-column-is-layout-flow\">\n<div class=\"wp-block-buttons is-layout-flex wp-block-buttons-is-layout-flex\">\n<div class=\"wp-block-button\"><a class=\"wp-block-button__link wp-element-button\" href=\"#offen\">Offener Ganztag<\/a><\/div>\n<\/div>\n\n\n\n<div style=\"height:15px\" aria-hidden=\"true\" class=\"wp-block-spacer\"><\/div>\n<\/div>\n\n\n\n<div class=\"wp-block-column is-layout-flow wp-block-column-is-layout-flow\">\n<div class=\"wp-block-buttons is-layout-flex wp-block-buttons-is-layout-flex\">\n<div class=\"wp-block-button\"><a class=\"wp-block-button__link wp-element-button\" href=\"#mittagessen\">Mittagessen<\/a><\/div>\n<\/div>\n\n\n\n<div style=\"height:15px\" aria-hidden=\"true\" class=\"wp-block-spacer\"><\/div>\n<\/div>\n\n\n\n<div class=\"wp-block-column is-layout-flow wp-block-column-is-layout-flow\">\n<div class=\"wp-block-buttons is-layout-flex wp-block-buttons-is-layout-flex\">\n<div class=\"wp-block-button\"><a class=\"wp-block-button__link wp-element-button\" href=\"#speiseplan\">Speisepl\u00e4ne<\/a><\/div>\n<\/div>\n\n\n\n<div style=\"height:15px\" aria-hidden=\"true\" class=\"wp-block-spacer\"><\/div>\n<\/div>\n<\/div>\n\n\n\n<div style=\"height:60px\" aria-hidden=\"true\" class=\"wp-block-spacer\"><\/div>\n\n\n\n<div id=\"gebunden\" style=\"padding-top: 50px;\"><\/div>\n\n\n\n<div class=\"wp-block-columns is-layout-flex wp-container-core-columns-is-layout-9d6595d7 wp-block-columns-is-layout-flex\">\n<div class=\"wp-block-column is-layout-flow wp-block-column-is-layout-flow\" style=\"flex-basis:33.33%\">\n<h3 class=\"wp-block-heading\">Gebundene Ganztagesschule an der Grundschule Tegernheim<\/h3>\n\n\n\n<p>Leitung: Frau Barbara Cichy<\/p>\n\n\n\n<h3 class=\"wp-block-heading\"><br>Im Ganztag &#8211; Rap<\/h3>\n\n\n\n<figure class=\"wp-block-embed is-type-rich is-provider-handler-einbetten wp-block-embed-handler-einbetten\"><div class=\"wp-block-embed__wrapper\">\n<div style=\"width: 640px;\" class=\"wp-video\"><video class=\"wp-video-shortcode\" id=\"video-5781-1\" width=\"640\" height=\"360\" preload=\"metadata\" controls=\"controls\"><source type=\"video\/mp4\" src=\"https:\/\/www.gs-tegernheim.de\/de\/wp-content\/uploads\/2023\/12\/GS_Tegernheim_Im-Ganztag.mp4?_=1\" \/><a href=\"https:\/\/www.gs-tegernheim.de\/de\/wp-content\/uploads\/2023\/12\/GS_Tegernheim_Im-Ganztag.mp4\">https:\/\/www.gs-tegernheim.de\/de\/wp-content\/uploads\/2023\/12\/GS_Tegernheim_Im-Ganztag.mp4<\/a><\/video><\/div>\n<\/div><\/figure>\n\n\n\n<h3 class=\"wp-block-heading\"><br>Aus der Feder unserer Drittkl\u00e4ssler im Ganztag<\/h3>\n\n\n\n<figure class=\"wp-block-embed is-type-rich is-provider-handler-einbetten wp-block-embed-handler-einbetten\"><div class=\"wp-block-embed__wrapper\">\n<div style=\"width: 640px;\" class=\"wp-video\"><video class=\"wp-video-shortcode\" id=\"video-5781-2\" width=\"640\" height=\"360\" preload=\"metadata\" controls=\"controls\"><source type=\"video\/mp4\" src=\"https:\/\/www.gs-tegernheim.de\/de\/wp-content\/uploads\/2023\/05\/4-Aus-der-Feder-unserer-Drittklaessler-im-GT-1-2.mp4?_=2\" \/><a href=\"https:\/\/www.gs-tegernheim.de\/de\/wp-content\/uploads\/2023\/05\/4-Aus-der-Feder-unserer-Drittklaessler-im-GT-1-2.mp4\">https:\/\/www.gs-tegernheim.de\/de\/wp-content\/uploads\/2023\/05\/4-Aus-der-Feder-unserer-Drittklaessler-im-GT-1-2.mp4<\/a><\/video><\/div>\n<\/div><\/figure>\n\n\n\n<div class=\"wp-block-buttons is-layout-flex wp-block-buttons-is-layout-flex\">\n<div class=\"wp-block-button\"><a class=\"wp-block-button__link wp-element-button\" href=\"https:\/\/www.gs-tegernheim.de\/de\/wp-content\/uploads\/2023\/05\/4-Aus-der-Feder-unserer-Drittklaessler-im-GT.pdf\" target=\"_blank\" rel=\"noreferrer noopener\">Aus der Feder unserer Drittkl\u00e4ssler im Ganztag (PDF)<\/a><\/div>\n<\/div>\n<\/div>\n\n\n\n<div class=\"wp-block-column is-layout-flow wp-block-column-is-layout-flow\" style=\"flex-basis:66.66%\">\n<p>Seit dem Schuljahr 2007\/08 gibt es an der Grundschule Tegernheim einen Gebundenen Ganztag. Die Eltern in allen 4 Jahrgangsstufen k\u00f6nnen f\u00fcr ihre Kinder zwischen einer Regelklasse und einer gebundenen Ganztagesklasse entscheiden.<\/p>\n\n\n\n<p>In den gebundenen Ganztagesklassen gibt es f\u00fcr unsere Sch\u00fcler von Montag bis Donnerstag stets&nbsp;den gleichen Tagesrhythmus.<\/p>\n\n\n\n<p>In den Jahrgangsstufen 1 und 2 sind die Stunden 1 bis 4 (08.00 \u2013 11.30) und die Stunden 7 bis 9 (13.00 \u2013 15.15) fest in Lehrerhand. In diesen von Lehrkr\u00e4ften \u2013 zeitweise auch von 2 Lehrkr\u00e4ften &#8211; gestalteten Stunden finden der Pflichtunterricht, die Lern- und \u00dcbungszeiten und besondere Angebote statt. Die Stunden 5 und 6 (11.30 &#8211; 13.00) und die 10. Stunde (15.15 &#8211; 16.00) werden vom Betreuerteam gestaltet und dienen ausschlie\u00dflich der Erholung, Entspannung, Bewegung und dem Mittagessen.<\/p>\n\n\n\n<p>In den Jahrgangsstufen 3 und 4 sind die Stunden 1 bis 3 (08.00 \u2013 10.45), die Stunden 5 und 6 (11.30 \u2013 13.00) und die Stunden 8 bis 10 (13.45 \u2013 16.00) fest in Lehrerhand. Ausgenommen sind der Dienstag und der Mittwoch: U-Ende am Dienstag ist bereits um 15.15 Uhr, am Mittwoch finden AGs statt, an denen die Kinder teilnehmen k\u00f6nnen. In diesen von Lehrkr\u00e4ften \u2013 zeitweise auch von 2 Lehrkr\u00e4ften &#8211; gestalteten Stunden finden der Pflichtunterricht, die Lern- und \u00dcbungszeiten und besondere Angebote statt. Die Stunde 4 (10.45 \u2013 11.30) und die Stunde 7 (13.00 \u2013 13.45) werden vom Betreuerteam gestaltet und dienen ausschlie\u00dflich der Erholung, Entspannung, Bewegung und dem Mittagessen.<\/p>\n\n\n\n<p>Am Freitag endet f\u00fcr alle Klassen der verpflichtende Schultag nach der 4. Stunde um 11.30 Uhr. In der 5. und 6. Stunde k\u00f6nnen so alle Grundsch\u00fcler freiwillig zwischen verschiedenen Arbeitsgemeinschaften, Angeboten der Schulsozialarbeit oder der Ganztagsbetreuung w\u00e4hlen.<\/p>\n\n\n\n<p>Wir bieten auch am Freitag &nbsp;unseren Ganztagessch\u00fclern (allen Sch\u00fclern der Klassen 1 bis 4) eine verl\u00e4ssliche Betreuung bis maximal 15.00 Uhr an. Die Abhol- bzw. Heimgehzeiten sind an diesem Tag auf 13.00 Uhr, 13.45 Uhr und 15.00 Uhr festgelegt. Alle Sch\u00fcler, die l\u00e4nger als 13.00 Uhr bleiben, nehmen am gemeinsamen Mittagessen teil.<\/p>\n\n\n\n<p>Sieben Wochen Ferienbetreuung  erg\u00e4nzen das Betreuungsangebot der GS Tegernheim.<\/p>\n\n\n\n<p>Von Montag bis Donnerstag verlassen die Sch\u00fcler und Sch\u00fclerinnen (in der Regel) die Schule ohne Hausaufgabendruck. Da am Freitag f\u00fcr die Sch\u00fclerinnen und Sch\u00fcler keine verbindliche Lernzeit geplant ist, gibt es freitags f\u00fcr die Sch\u00fclerinnen und Sch\u00fcler einen (Haus-) Aufgabenplan, der bis zum Montag zu erledigen ist. So erhalten auch die Eltern Informationen \u00fcber die aktuellen Unterrichtsthemen und -inhalte.<\/p>\n\n\n\n<p>Im Rahmen des Betreuerteams arbeiten wir mit unserem Kooperationspartner der AWO \u2013 Arbeiterwohlfahrt \u2013 zusammen. So steht uns gut ausgebildetes und engagiertes Fachpersonal f\u00fcr die Gebundene Ganztagesschule zur Verf\u00fcgung. In Zusammenarbeit mit der FOS Pindl und der staatlichen FOS unterst\u00fctzen Praktikanten im Rahmen ihres Erziehlichen Praktikums unser Betreuungsteam.<\/p>\n\n\n\n<p>Das im Februar 1972 eingeweihte Schulgeb\u00e4ude mit Zweifachturnhalle wurde in den Jahren 2010 bis 2013 komplett saniert, umgebaut und f\u00fcr den Ganztagesbetrieb umgestaltet. Neben modernen, mit neuen Medien ausgestatteten Klassenzimmern wurden f\u00fcr die Sch\u00fcler Lern- und Differenzierungsr\u00e4ume, ein Spielzimmer und ein Entspannungs- und Ruheraum und eine&nbsp;Mensa errichtet.<\/p>\n\n\n\n<p>Die Mensa wurde mittlerweile erweitert f\u00fcr die Ausgabe von t\u00e4glich ca. 170 (109 GGT und 61 OGTS) Mittagessen. <\/p>\n\n\n\n<p>Die Erneuerung der Klassenzimmer hin zu \u201eDigitalen Klassenzimmern\u201c im Rahmen der \u201eDigitalisierung an Schulen\u201c wurde schrittweise umgesetzt, die die Klassen werden schrittweise zu kompletten IPad-Klassen ausger\u00fcstet.<\/p>\n\n\n\n<p>Der Besuch der Ganztagesklassen ist auch f\u00fcr Sch\u00fcler au\u00dferhalb unseres Pflichtsprengels m\u00f6glich. Wenn es in Ganztagesklassen an unserer Schule freie Pl\u00e4tze gibt, dann ist (seit dem 1.August 2011) der Wunsch der Eltern, dass ihr Kind eine Ganztagesklasse besuchen soll, ausreichend. Die Sch\u00fclerinnen und Sch\u00fcler werden unserer gebundenen Ganztagesschule vom Schulamt zugewiesen und erhalten f\u00fcr den Schulweg auch die entsprechende (kostenlose) Busfahrkarte.<\/p>\n\n\n\n<p>F\u00fcr den Besuch der gebundenen Ganztagesschule entstehen den Eltern mit Ausnahme f\u00fcr das Mittagessens&nbsp; keine Kosten.<\/p>\n\n\n\n<p>F\u00fcr R\u00fcckfragen nehmen wir uns Zeit und informieren Sie auch gerne vor Ort.<\/p>\n<\/div>\n<\/div>\n\n\n\n<div id=\"offen\" style=\"padding-top: 50px;\"><\/div>\n\n\n\n<div class=\"wp-block-columns is-layout-flex wp-container-core-columns-is-layout-9d6595d7 wp-block-columns-is-layout-flex\">\n<div class=\"wp-block-column is-layout-flow wp-block-column-is-layout-flow\" style=\"flex-basis:33.33%\">\n<h3 class=\"wp-block-heading\">Offene Ganztageschule OGTS<\/h3>\n\n\n\n<p>Leitung: Frau Susanne Adler<\/p>\n<\/div>\n\n\n\n<div class=\"wp-block-column is-layout-flow wp-block-column-is-layout-flow\" style=\"flex-basis:66.66%\">\n<p>Seit dem Schuljahr 2018\/ 2019 gibt es an unserer Schule, f\u00fcr die Sch\u00fcler der Regelklassen 1 bis 4, die Option der Offenen Ganztagsbetreuung.<\/p>\n\n\n\n<p>Hierbei kann zwischen 2 Optionen gew\u00e4hlt werden:<\/p>\n\n\n\n<ul class=\"wp-block-list\">\n<li>Gruppe 1: Betreuung von Unterrichtsende bis 13:00 Uhr<\/li>\n\n\n\n<li>Gruppe 2: Betreuung vom Unterrichtsende bis 14:00 Uhr<\/li>\n<\/ul>\n\n\n\n<p>Eine Mindestbuchung von 2 festen Tagen pro Gruppe ist verpflichtend (Montag bis Donnerstag) und wird komplett durch den Sachaufwandstr\u00e4ger Gemeinde Tegernheim und den Freistaat Bayern gef\u00f6rdert.<\/p>\n\n\n\n<p>Seit November 2018 ist zudem eine Betreuung am Freitag von Unterrichtende bis 13:00 Uhr oder 14:00 Uhr m\u00f6glich.<\/p>\n\n\n\n<p>Da dieses Angebot allerdings au\u00dferhalb des gef\u00f6rderten Rahmens (nach Bedarfsabfrage) stattfindet, kann vom Kooperationspartner AWO, ein monatlicher Beitrag f\u00e4llig werden.<\/p>\n\n\n\n<p>Eine Teilnahme am Mittagessen ist tageweise buchbar, aber nicht verpflichtend. Die Abrechnung erfolgt \u00fcber den Betreiber der Mensa.<\/p>\n\n\n\n<p>Im Rahmen des Betreuerteams arbeiten wir mit unserem Kooperationspartner der AWO &#8211; Arbeiterwohlfahrt, zusammen. So steht uns ein gut ausgebildetes und engagiertes Fachpersonal zur Verf\u00fcgung.<\/p>\n\n\n\n<p>Wir nutzen die Spielr\u00e4ume im Erdgeschoss der Schule, sowie das gro\u00dfz\u00fcgige Au\u00dfengel\u00e4nde und die Turnhalle.<\/p>\n\n\n\n<p>F\u00fcr R\u00fcckfragen nehmen wir uns Zeit und informieren Sie auch gerne vor Ort.<\/p>\n<\/div>\n<\/div>\n\n\n\n<div id=\"mittagessen\" style=\"padding-top: 50px;\"><\/div>\n\n\n\n<div class=\"wp-block-columns is-layout-flex wp-container-core-columns-is-layout-9d6595d7 wp-block-columns-is-layout-flex\">\n<div class=\"wp-block-column is-layout-flow wp-block-column-is-layout-flow\" style=\"flex-basis:33.33%\">\n<h3 class=\"wp-block-heading\">Mittagessen<\/h3>\n<\/div>\n\n\n\n<div class=\"wp-block-column is-layout-flow wp-block-column-is-layout-flow\" style=\"flex-basis:66.66%\">\n<p>Die Mensa wurde erweitert und ist nun f\u00fcr die Ausgabe von t\u00e4glich ca. 140 Mittagessen ausgelegt.<\/p>\n\n\n\n<div class=\"wp-block-columns is-layout-flex wp-container-core-columns-is-layout-9d6595d7 wp-block-columns-is-layout-flex\">\n<div class=\"wp-block-column is-layout-flow wp-block-column-is-layout-flow\">\n<figure class=\"wp-block-image size-full is-resized\"><img loading=\"lazy\" decoding=\"async\" width=\"450\" height=\"600\" src=\"https:\/\/www.gs-tegernheim.de\/de\/wp-content\/uploads\/2022\/09\/johanniter_01.jpg\" alt=\"\" class=\"wp-image-7443\" style=\"width:225px;height:300px\" srcset=\"https:\/\/www.gs-tegernheim.de\/de\/wp-content\/uploads\/2022\/09\/johanniter_01.jpg 450w, https:\/\/www.gs-tegernheim.de\/de\/wp-content\/uploads\/2022\/09\/johanniter_01-225x300.jpg 225w\" sizes=\"(max-width: 450px) 100vw, 450px\" \/><\/figure>\n\n\n\n<h6 class=\"wp-block-heading\">Das K\u00fcchenteam der Johanniter <\/h6>\n<\/div>\n\n\n\n<div class=\"wp-block-column is-layout-flow wp-block-column-is-layout-flow\"><\/div>\n\n\n\n<div class=\"wp-block-column is-layout-flow wp-block-column-is-layout-flow\">\n<figure class=\"wp-block-gallery has-nested-images columns-default is-cropped wp-block-gallery-1 is-layout-flex wp-block-gallery-is-layout-flex\">\n<figure class=\"wp-block-image size-large\"><img loading=\"lazy\" decoding=\"async\" width=\"567\" height=\"1008\" data-id=\"8376\" src=\"https:\/\/www.gs-tegernheim.de\/de\/wp-content\/uploads\/2023\/09\/20230907_102749_resized.jpg\" alt=\"\" class=\"wp-image-8376\" srcset=\"https:\/\/www.gs-tegernheim.de\/de\/wp-content\/uploads\/2023\/09\/20230907_102749_resized.jpg 567w, https:\/\/www.gs-tegernheim.de\/de\/wp-content\/uploads\/2023\/09\/20230907_102749_resized-480x853.jpg 480w\" sizes=\"(min-width: 0px) and (max-width: 480px) 480px, (min-width: 481px) 567px, 100vw\" \/><\/figure>\n<\/figure>\n<\/div>\n<\/div>\n\n\n\n<p>Die Johanniter-Unfall-Hilfe e.V sorgt jeden Tag f\u00fcr unser leibliches Wohl. Neben einer Vor- oder Nachspeise und einem Hauptgericht gibt es t\u00e4glich Salat an der Salatbar.<\/p>\n\n\n\n<figure class=\"wp-block-gallery has-nested-images columns-default is-cropped wp-block-gallery-2 is-layout-flex wp-block-gallery-is-layout-flex\">\n<figure class=\"wp-block-image size-large\"><a href=\"https:\/\/www.gs-tegernheim.de\/de\/wp-content\/uploads\/2025\/10\/2025-Mensa.jpg\" data-rel=\"lightbox-image-0\" data-rl_title=\"\" data-rl_caption=\"\" title=\"\"><img loading=\"lazy\" decoding=\"async\" width=\"1024\" height=\"1024\" data-id=\"10555\" src=\"https:\/\/www.gs-tegernheim.de\/de\/wp-content\/uploads\/2025\/10\/2025-Mensa-1024x1024.jpg\" alt=\"\" class=\"wp-image-10555\" srcset=\"https:\/\/www.gs-tegernheim.de\/de\/wp-content\/uploads\/2025\/10\/2025-Mensa-980x980.jpg 980w, https:\/\/www.gs-tegernheim.de\/de\/wp-content\/uploads\/2025\/10\/2025-Mensa-480x480.jpg 480w\" sizes=\"(min-width: 0px) and (max-width: 480px) 480px, (min-width: 481px) and (max-width: 980px) 980px, (min-width: 981px) 1024px, 100vw\" \/><\/a><\/figure>\n<\/figure>\n<\/div>\n<\/div>\n\n\n\n<div id=\"speiseplan\" style=\"padding-top: 50px;\"><\/div>\n\n\n\n<div class=\"wp-block-columns is-layout-flex wp-container-core-columns-is-layout-9d6595d7 wp-block-columns-is-layout-flex\">\n<div class=\"wp-block-column is-layout-flow wp-block-column-is-layout-flow\" style=\"flex-basis:33.33%\">\n<h3 class=\"wp-block-heading\">Speisepl\u00e4ne<\/h3>\n<\/div>\n\n\n\n<div class=\"wp-block-column is-layout-flow wp-block-column-is-layout-flow\" style=\"flex-basis:66.66%\">\n<div class=\"wp-block-buttons is-layout-flex wp-block-buttons-is-layout-flex\">\n<div class=\"wp-block-button\"><a class=\"wp-block-button__link wp-element-button\" href=\"https:\/\/www.gs-tegernheim.de\/de\/wp-content\/uploads\/2026\/03\/KW10-Tege-GS.pdf\" target=\"_blank\" rel=\"noreferrer noopener\">Speiseplan KW 10<\/a><\/div>\n\n\n\n<div class=\"wp-block-button\"><a class=\"wp-block-button__link wp-element-button\" href=\"https:\/\/www.gs-tegernheim.de\/de\/wp-content\/uploads\/2026\/03\/KW11-Tege-GS.pdf\" target=\"_blank\" rel=\"noreferrer noopener\">Speiseplan KW 11<\/a><\/div>\n\n\n\n<div class=\"wp-block-button\"><a class=\"wp-block-button__link wp-element-button\" href=\"https:\/\/www.gs-tegernheim.de\/de\/wp-content\/uploads\/2026\/03\/KW12-Tege-GS.pdf\">Speiseplan KW 12<\/a><\/div>\n\n\n\n<div class=\"wp-block-button\"><a class=\"wp-block-button__link wp-element-button\" href=\"https:\/\/www.gs-tegernheim.de\/de\/wp-content\/uploads\/2026\/03\/KW13-Tege-GS.pdf\">Speiseplan KW 13<\/a><\/div>\n<\/div>\n<\/div>\n<\/div>\n\n\n\n<p><\/p>\n","protected":false},"excerpt":{"rendered":"<p>Gebundene Ganztagesschule an der Grundschule Tegernheim Leitung: Frau Barbara Cichy Im Ganztag &#8211; Rap Aus der Feder unserer Drittkl\u00e4ssler im Ganztag Seit dem Schuljahr 2007\/08 gibt es an der Grundschule Tegernheim einen Gebundenen Ganztag. Die Eltern in allen 4 Jahrgangsstufen k\u00f6nnen f\u00fcr ihre Kinder zwischen einer Regelklasse und einer gebundenen Ganztagesklasse entscheiden. In den gebundenen [&hellip;]<\/p>\n","protected":false},"author":7,"featured_media":0,"parent":0,"menu_order":0,"comment_status":"closed","ping_status":"closed","template":"","meta":{"_et_pb_use_builder":"","_et_pb_old_content":"","_et_gb_content_width":"","_custom_body_class":"","_custom_post_class":"","footnotes":""},"class_list":["post-5781","page","type-page","status-publish","hentry"],"_links":{"self":[{"href":"https:\/\/www.gs-tegernheim.de\/de\/index.php?rest_route=\/wp\/v2\/pages\/5781","targetHints":{"allow":["GET"]}}],"collection":[{"href":"https:\/\/www.gs-tegernheim.de\/de\/index.php?rest_route=\/wp\/v2\/pages"}],"about":[{"href":"https:\/\/www.gs-tegernheim.de\/de\/index.php?rest_route=\/wp\/v2\/types\/page"}],"author":[{"embeddable":true,"href":"https:\/\/www.gs-tegernheim.de\/de\/index.php?rest_route=\/wp\/v2\/users\/7"}],"replies":[{"embeddable":true,"href":"https:\/\/www.gs-tegernheim.de\/de\/index.php?rest_route=%2Fwp%2Fv2%2Fcomments&post=5781"}],"version-history":[{"count":239,"href":"https:\/\/www.gs-tegernheim.de\/de\/index.php?rest_route=\/wp\/v2\/pages\/5781\/revisions"}],"predecessor-version":[{"id":10750,"href":"https:\/\/www.gs-tegernheim.de\/de\/index.php?rest_route=\/wp\/v2\/pages\/5781\/revisions\/10750"}],"wp:attachment":[{"href":"https:\/\/www.gs-tegernheim.de\/de\/index.php?rest_route=%2Fwp%2Fv2%2Fmedia&parent=5781"}],"curies":[{"name":"wp","href":"https:\/\/api.w.org\/{rel}","templated":true}]}}