{"id":5504,"date":"2020-10-05T21:44:29","date_gmt":"2020-10-05T19:44:29","guid":{"rendered":"https:\/\/www.gs-tegernheim.de\/de\/?page_id=5504"},"modified":"2022-04-06T16:15:53","modified_gmt":"2022-04-06T14:15:53","slug":"krankmeldung-ueber-esis","status":"publish","type":"page","link":"https:\/\/www.gs-tegernheim.de\/de\/?page_id=5504","title":{"rendered":"Krankmeldung"},"content":{"rendered":"\n<p>Um unser Sekretariat zu entlasten, bitten wir Sie, Ihr Kind \u00fcber Schulmanager krank zu melden.<\/p>\n\n\n\n<p>Zur Krankmeldung Ihres Kindes aktivieren Sie bitte folgenden Link oder nutzen Sie die App:<\/p>\n\n\n\n<figure class=\"wp-block-image size-large is-resized is-style-default\"><a href=\"https:\/\/login.schulmanager-online.de\/#\/login?institutionId=13562\" target=\"_blank\" rel=\"noopener\"><img loading=\"lazy\" decoding=\"async\" src=\"https:\/\/www.gs-tegernheim.de\/de\/wp-content\/uploads\/2022\/04\/schulmanager-1024x196.png\" alt=\"\" class=\"wp-image-7033\" width=\"512\" height=\"98\"\/><\/a><\/figure>\n\n\n\n<p>Die App finden Sie<\/p>\n\n\n\n<p>f\u00fcr Android-Ger\u00e4te im <a href=\"https:\/\/play.google.com\/store\/apps\/details?id=online.schulmanager.app&amp;hl=de&amp;gl=US\" data-type=\"URL\" data-id=\"https:\/\/play.google.com\/store\/apps\/details?id=online.schulmanager.app&amp;hl=de&amp;gl=US\" target=\"_blank\" rel=\"noreferrer noopener\">GooglePlay Store<\/a><br>f\u00fcr Apple-Ger\u00e4te im <a href=\"https:\/\/apps.apple.com\/de\/app\/schulmanager-online\/id1451616735\" data-type=\"URL\" data-id=\"https:\/\/apps.apple.com\/de\/app\/schulmanager-online\/id1451616735\" target=\"_blank\" rel=\"noreferrer noopener\">App Store<\/a><\/p>\n\n\n\n<p>Diese Krankmeldung ist f\u00fcr jeden Krankheitstag extra bis 7.45 Uhr n\u00f6tig. Ab dem dritten Tag der Erkrankung ben\u00f6tigen Sie ein Attest vom Arzt.<\/p>\n\n\n\n<p>Wenn Ihr Kind wieder gesund ist, ben\u00f6tigen wir von Ihnen einen negativen Corona-Test aus der Apotheke oder aus dem Testzentrum. Selbsttests sind nicht zul\u00e4ssig. Sollte Ihr Kind am Tag der Pooltestung fehlen, ben\u00f6tigen wir einen negativen Test aus dem Testzentrum oder aus der Apotheke. Selbsttests sind nicht zul\u00e4ssig.<\/p>\n\n\n\n<p><\/p>\n\n\n\n<p><\/p>\n","protected":false},"excerpt":{"rendered":"<p>Um unser Sekretariat zu entlasten, bitten wir Sie, Ihr Kind \u00fcber Schulmanager krank zu melden. Zur Krankmeldung Ihres Kindes aktivieren Sie bitte folgenden Link oder nutzen Sie die App: Die App finden Sie f\u00fcr Android-Ger\u00e4te im GooglePlay Storef\u00fcr Apple-Ger\u00e4te im App Store Diese Krankmeldung ist f\u00fcr jeden Krankheitstag extra bis 7.45 Uhr n\u00f6tig. Ab dem [&hellip;]<\/p>\n","protected":false},"author":3,"featured_media":0,"parent":0,"menu_order":0,"comment_status":"closed","ping_status":"closed","template":"","meta":{"_et_pb_use_builder":"","_et_pb_old_content":"","_et_gb_content_width":"","_custom_body_class":"","_custom_post_class":"","footnotes":""},"class_list":["post-5504","page","type-page","status-publish","hentry"],"_links":{"self":[{"href":"https:\/\/www.gs-tegernheim.de\/de\/index.php?rest_route=\/wp\/v2\/pages\/5504","targetHints":{"allow":["GET"]}}],"collection":[{"href":"https:\/\/www.gs-tegernheim.de\/de\/index.php?rest_route=\/wp\/v2\/pages"}],"about":[{"href":"https:\/\/www.gs-tegernheim.de\/de\/index.php?rest_route=\/wp\/v2\/types\/page"}],"author":[{"embeddable":true,"href":"https:\/\/www.gs-tegernheim.de\/de\/index.php?rest_route=\/wp\/v2\/users\/3"}],"replies":[{"embeddable":true,"href":"https:\/\/www.gs-tegernheim.de\/de\/index.php?rest_route=%2Fwp%2Fv2%2Fcomments&post=5504"}],"version-history":[{"count":17,"href":"https:\/\/www.gs-tegernheim.de\/de\/index.php?rest_route=\/wp\/v2\/pages\/5504\/revisions"}],"predecessor-version":[{"id":7062,"href":"https:\/\/www.gs-tegernheim.de\/de\/index.php?rest_route=\/wp\/v2\/pages\/5504\/revisions\/7062"}],"wp:attachment":[{"href":"https:\/\/www.gs-tegernheim.de\/de\/index.php?rest_route=%2Fwp%2Fv2%2Fmedia&parent=5504"}],"curies":[{"name":"wp","href":"https:\/\/api.w.org\/{rel}","templated":true}]}}