{"id":519,"date":"2013-03-30T15:44:08","date_gmt":"2013-03-30T13:44:08","guid":{"rendered":"http:\/\/www.gs-tegernheim.de\/de\/?page_id=519"},"modified":"2022-02-16T15:17:54","modified_gmt":"2022-02-16T13:17:54","slug":"neue-medien","status":"publish","type":"page","link":"https:\/\/www.gs-tegernheim.de\/de\/?page_id=519","title":{"rendered":"Digitales Lernen"},"content":{"rendered":"\n<p>Unsere Klassenzimmer sind alle mit Activboards ausger\u00fcstet und verf\u00fcgen \u00fcber Internetanschluss.<\/p>\n\n\n\n<p>Mittlerweile haben alle Klassen Zugriff auf iPads. Immer zwei Klassen teilen sich einen entsprechenden Koffer. Die iPads sind best\u00fcckt mit verschiedenen Lernprogrammen und Apps.<\/p>\n\n\n\n<p>\u00dcber sinnvolle Einsatzm\u00f6glichkeiten der iPads im Unterricht hat ein Medienteam nachgedacht und ein Medienkonzept f\u00fcr die Schule erstellt, welches bez\u00fcglich der Sch\u00fclerger\u00e4te auf iPads basiert.<\/p>\n\n\n\n<h2 class=\"wp-block-heading\" id=\"folgende-lernprogramme-werden-an-der-schule-eingesetzt\">Folgende Lernprogramme werden an der Schule eingesetzt:<\/h2>\n\n\n\n<h3 class=\"wp-block-heading\" id=\"internetseiten-fur-kinder\">Internetseiten f\u00fcr Kinder<\/h3>\n\n\n\n<p><a href=\"https:\/\/www.fragfinn.de\" target=\"_blank\" rel=\"noreferrer noopener\">https:\/\/www.fragfinn.de<\/a><a href=\"https:\/\/www.blindekuh.de\" target=\"_blank\" rel=\"noreferrer noopener\"><br>https:\/\/www.blindekuh.de<\/a><a href=\"https:\/\/www.internet-abc.de\/kinder\/lernen-schule\/lernmodule\/\" target=\"_blank\" rel=\"noreferrer noopener\"><br>https:\/\/www.internet-abc.de\/kinder\/lernen-schule\/lernmodule\/<\/a><a href=\"https:\/\/www.planet-schule.de\/sf\/spezial\/grundschule\/index.php\" target=\"_blank\" rel=\"noreferrer noopener\"><br>https:\/\/www.planet-schule.de\/sf\/spezial\/grundschule\/index.php<\/a><a href=\"https:\/\/www.br.de\/kinder\/schule-daheim-lernen-online-102.html\" target=\"_blank\" rel=\"noreferrer noopener\"><br>https:\/\/www.br.de\/kinder\/schule-daheim-lernen-online-102.html<\/a><br><a href=\"https:\/\/www.wdrmaus.de\" target=\"_blank\" rel=\"noreferrer noopener\">https:\/\/www.wdrmaus.de<\/a><br><a href=\"https:\/\/www.wasistwas.de\" target=\"_blank\" rel=\"noreferrer noopener\">https:\/\/www.wasistwas.de<\/a><br><a href=\"https:\/\/www.buchstaben.com\/raetsel\/kreuzwortraetsel-fuer-kinder\" target=\"_blank\" rel=\"noreferrer noopener\">https:\/\/www.buchstaben.com\/raetsel\/kreuzwortraetsel-fuer-kinder<\/a><\/p>\n\n\n\n<div class=\"wp-block-group is-layout-flow wp-block-group-is-layout-flow\">\n<div class=\"wp-block-group is-layout-flow wp-block-group-is-layout-flow\">\n<div class=\"wp-block-group is-layout-flow wp-block-group-is-layout-flow\">\n<div class=\"wp-block-group is-layout-flow wp-block-group-is-layout-flow\">\n<div class=\"wp-block-group is-layout-flow wp-block-group-is-layout-flow\">\n<h3 class=\"wp-block-heading\" id=\"taglich-aktuelle-fernsehsendungen\"><strong>T\u00e4glich aktuelle Fernsehsendungen:<\/strong><\/h3>\n\n\n\n<p><strong>Die Sendung mit der Maus:<\/strong> T\u00e4glich um 11.30 Uhr im WDR<br><strong>Logo!:<\/strong> T\u00e4glich um 11.05 Uhr und um 19.50 Uhr auf KiKa<br><strong>Tigerenten Club Spezial:<\/strong> Montag bis Freitag 8.00 Uhr \u2013 10.45 Uhr im SWR<\/p>\n\n\n\n<h3 class=\"wp-block-heading\" id=\"bastelanleitungen-mit-erklarvideos\"><strong>Bastelanleitungen mit Erkl\u00e4rvideos:<\/strong><\/h3>\n\n\n\n<p><a href=\"https:\/\/drive.google.com\/folderview?id=1VuWdldGIno4Zz5nlmqZABX5Esqp8QZK0\" target=\"_blank\" rel=\"noreferrer noopener\">https:\/\/drive.google.com\/folderview?id=1VuWdldGIno4Zz5nlmqZABX5Esqp8QZK0<\/a><\/p>\n<\/div>\n<\/div>\n<\/div>\n<\/div>\n<\/div>\n\n\n\n<p><\/p>\n","protected":false},"excerpt":{"rendered":"<p>Unsere Klassenzimmer sind alle mit Activboards ausger\u00fcstet und verf\u00fcgen \u00fcber Internetanschluss. Mittlerweile haben alle Klassen Zugriff auf iPads. Immer zwei Klassen teilen sich einen entsprechenden Koffer. Die iPads sind best\u00fcckt mit verschiedenen Lernprogrammen und Apps. \u00dcber sinnvolle Einsatzm\u00f6glichkeiten der iPads im Unterricht hat ein Medienteam nachgedacht und ein Medienkonzept f\u00fcr die Schule erstellt, welches bez\u00fcglich [&hellip;]<\/p>\n","protected":false},"author":4,"featured_media":0,"parent":0,"menu_order":4,"comment_status":"closed","ping_status":"closed","template":"","meta":{"_et_pb_use_builder":"","_et_pb_old_content":"","_et_gb_content_width":"","_custom_body_class":"","_custom_post_class":"","footnotes":""},"class_list":["post-519","page","type-page","status-publish","hentry"],"_links":{"self":[{"href":"https:\/\/www.gs-tegernheim.de\/de\/index.php?rest_route=\/wp\/v2\/pages\/519","targetHints":{"allow":["GET"]}}],"collection":[{"href":"https:\/\/www.gs-tegernheim.de\/de\/index.php?rest_route=\/wp\/v2\/pages"}],"about":[{"href":"https:\/\/www.gs-tegernheim.de\/de\/index.php?rest_route=\/wp\/v2\/types\/page"}],"author":[{"embeddable":true,"href":"https:\/\/www.gs-tegernheim.de\/de\/index.php?rest_route=\/wp\/v2\/users\/4"}],"replies":[{"embeddable":true,"href":"https:\/\/www.gs-tegernheim.de\/de\/index.php?rest_route=%2Fwp%2Fv2%2Fcomments&post=519"}],"version-history":[{"count":21,"href":"https:\/\/www.gs-tegernheim.de\/de\/index.php?rest_route=\/wp\/v2\/pages\/519\/revisions"}],"predecessor-version":[{"id":6363,"href":"https:\/\/www.gs-tegernheim.de\/de\/index.php?rest_route=\/wp\/v2\/pages\/519\/revisions\/6363"}],"wp:attachment":[{"href":"https:\/\/www.gs-tegernheim.de\/de\/index.php?rest_route=%2Fwp%2Fv2%2Fmedia&parent=519"}],"curies":[{"name":"wp","href":"https:\/\/api.w.org\/{rel}","templated":true}]}}