{"id":2319,"date":"2014-11-16T20:06:26","date_gmt":"2014-11-16T18:06:26","guid":{"rendered":"http:\/\/www.gs-tegernheim.de\/de\/?page_id=2319"},"modified":"2022-02-09T14:18:34","modified_gmt":"2022-02-09T12:18:34","slug":"inklusion","status":"publish","type":"page","link":"https:\/\/www.gs-tegernheim.de\/de\/?page_id=2319","title":{"rendered":"Inklusion"},"content":{"rendered":"\n<h2 class=\"wp-block-heading\" id=\"unabhangige-beratungsstelle-inklusion\"><strong>UNABH\u00c4NGIGE BERATUNGSSTELLE INKLUSION<\/strong><br><br><strong>an den Staatlichen Schul\u00e4mtern im Landkreis und in der Stadt Regensburg<\/strong><\/h2>\n\n\n\n<p>Die Beratungsstelle ist ein erg\u00e4nzendes Angebot f\u00fcr den Grund-, Mittel- und F\u00f6rderschulbereich.<br>Sie \u2026<\/p>\n\n\n\n<ul class=\"wp-block-list\"><li>ber\u00e4t Eltern schulpflichtiger oder demn\u00e4chst schulpflichtiger Kinder mit sonderp\u00e4dagogischem F\u00f6rderbedarf,<\/li><li>informiert Eltern \u00fcber schulische Angebote in der Region und gibt so eine Entscheidungshilfe bei der Wahl des Lernortes f\u00fcr ihr Kind,<\/li><li>bietet eine weitere Begleitung der Beratungsf\u00e4lle an,<\/li><li>koordiniert und vernetzt bestehende Angebote.<\/li><\/ul>\n\n\n\n<h3 class=\"wp-block-heading\" id=\"kennzeichen-unseres-angebots\"><strong>Kennzeichen unseres Angebots<\/strong><\/h3>\n\n\n\n<p>Die Beratungsstelle arbeitet \u00fcberwiegend im Team (Beratungstandem aus Grundschul- und F\u00f6rderschullehrkraft),<br>versteht sich als unabh\u00e4ngiger und neutraler Ansprechpartner, wodurch die Beratung stets ergebnisoffen ist,<br>arbeitet vernetzt und zeigt die in der Region verf\u00fcgbaren Unterst\u00fctzungsm\u00f6glichkeiten auf.<br>Die Beratung ist kostenfrei.<\/p>\n\n\n\n<h3 class=\"wp-block-heading\" id=\"ansprechpartner\"><strong>Ansprechpartner<\/strong><\/h3>\n\n\n\n<p><strong>Heike Titz <\/strong>(Grundschullehrerin und Beratungslehrerin)<br><strong>Matthias H\u00f6nick<\/strong> (Mittelschullehrer, Beratungslehrer)<strong><br>Franziska Lauber <\/strong>(Studienr\u00e4tin F\u00f6rderschule)<br><strong>Stefan Rosner<\/strong> (Studienrat F\u00f6rderschule).<\/p>\n\n\n\n<h2 class=\"wp-block-heading\" id=\"kontakt\"><strong>Kontakt<\/strong><\/h2>\n\n\n\n<h3 class=\"wp-block-heading\" id=\"unabhangige-beratungsstelle-inklusion-1\"><strong>Unabh\u00e4ngige Beratungsstelle Inklusion<\/strong><\/h3>\n\n\n\n<p><strong>Staatliche Schul\u00e4mter im Land und in der Stadt Regensburg<\/strong><br>Donaustauferstra\u00dfe 70<br>93059 Regensburg<br><br><strong>Tel.:<\/strong> 0941\/4009-783<br><strong>E-Mail:<\/strong> <a href=\"mailto:inklusionsberatung-land@landratsamt-regensburg.de\">inklusionsberatung-land@landratsamt-regensburg.de<\/a><\/p>\n\n\n\n<p><strong>Telefonsprechzeit im Schuljahr 2020\/21:<\/strong> Dienstag, 13.00 \u2013 14.00 Uhr<\/p>\n","protected":false},"excerpt":{"rendered":"<p>UNABH\u00c4NGIGE BERATUNGSSTELLE INKLUSION an den Staatlichen Schul\u00e4mtern im Landkreis und in der Stadt Regensburg Die Beratungsstelle ist ein erg\u00e4nzendes Angebot f\u00fcr den Grund-, Mittel- und F\u00f6rderschulbereich.Sie \u2026 ber\u00e4t Eltern schulpflichtiger oder demn\u00e4chst schulpflichtiger Kinder mit sonderp\u00e4dagogischem F\u00f6rderbedarf, informiert Eltern \u00fcber schulische Angebote in der Region und gibt so eine Entscheidungshilfe bei der Wahl des Lernortes [&hellip;]<\/p>\n","protected":false},"author":4,"featured_media":0,"parent":0,"menu_order":1,"comment_status":"closed","ping_status":"closed","template":"","meta":{"_et_pb_use_builder":"","_et_pb_old_content":"","_et_gb_content_width":"","_custom_body_class":"","_custom_post_class":"","footnotes":""},"class_list":["post-2319","page","type-page","status-publish","hentry"],"_links":{"self":[{"href":"https:\/\/www.gs-tegernheim.de\/de\/index.php?rest_route=\/wp\/v2\/pages\/2319","targetHints":{"allow":["GET"]}}],"collection":[{"href":"https:\/\/www.gs-tegernheim.de\/de\/index.php?rest_route=\/wp\/v2\/pages"}],"about":[{"href":"https:\/\/www.gs-tegernheim.de\/de\/index.php?rest_route=\/wp\/v2\/types\/page"}],"author":[{"embeddable":true,"href":"https:\/\/www.gs-tegernheim.de\/de\/index.php?rest_route=\/wp\/v2\/users\/4"}],"replies":[{"embeddable":true,"href":"https:\/\/www.gs-tegernheim.de\/de\/index.php?rest_route=%2Fwp%2Fv2%2Fcomments&post=2319"}],"version-history":[{"count":17,"href":"https:\/\/www.gs-tegernheim.de\/de\/index.php?rest_route=\/wp\/v2\/pages\/2319\/revisions"}],"predecessor-version":[{"id":6147,"href":"https:\/\/www.gs-tegernheim.de\/de\/index.php?rest_route=\/wp\/v2\/pages\/2319\/revisions\/6147"}],"wp:attachment":[{"href":"https:\/\/www.gs-tegernheim.de\/de\/index.php?rest_route=%2Fwp%2Fv2%2Fmedia&parent=2319"}],"curies":[{"name":"wp","href":"https:\/\/api.w.org\/{rel}","templated":true}]}}