{"id":230,"date":"2013-03-21T20:55:24","date_gmt":"2013-03-21T18:55:24","guid":{"rendered":"http:\/\/gstegernheim.wordpress.com\/?page_id=230"},"modified":"2026-03-02T10:14:27","modified_gmt":"2026-03-02T08:14:27","slug":"elterbeirat","status":"publish","type":"page","link":"https:\/\/www.gs-tegernheim.de\/de\/?page_id=230","title":{"rendered":"Elternbeirat"},"content":{"rendered":"\n<h3 class=\"wp-block-heading\">Elternbeirat im Schuljahr 2025\/2026<\/h3>\n\n\n\n<p>Der Elternbeirat versteht sich als Bindeglied zwischen Eltern und Schule. Er wird durch die Eltern gew\u00e4hlt und vertritt die Interessen der Elternschaft gegen\u00fcber der Schule. Fragen, Anregungen, W\u00fcnsche und Probleme d\u00fcrfen zu jeder Zeit an den Elternbeirat herangetragen werden. Durch die vertrauensvolle und enge Zusammenarbeit zwischen Elternbeirat und Schule k\u00f6nnen Probleme und W\u00fcnsche der Eltern h\u00e4ufig schnell gekl\u00e4rt werden. Informationen werden rasch \u00fcber die Klassenelternsprecher an die Eltern weitergegeben. Der Elternbeirat wirkt bei allen Angelegenheiten, die f\u00fcr die Schule von Bedeutung sind, beratend mit.<\/p>\n\n\n\n<p><br>Vorsitzende: Jenny Kain<br>Stellvertretende Vorsitzender: Daniel Lech<br>Kassenf\u00fchrung: Thomas Bergler<br>Schriftf\u00fchrer: Christian Zeller<\/p>\n\n\n\n<p>Weitere Mitglieder: Thomas Bergler, Anita Haise, Olga Hirsch, Franziska Lech, Sabrina Steiger, Luisa Vieweger, Christian Zeller<\/p>\n\n\n\n<figure class=\"wp-block-image size-large\"><img loading=\"lazy\" decoding=\"async\" width=\"1024\" height=\"731\" src=\"https:\/\/www.gs-tegernheim.de\/de\/wp-content\/uploads\/2025\/10\/2025-EB-Collage_fertig_Homepage-1-1024x731.jpg\" alt=\"\" class=\"wp-image-10561\" srcset=\"https:\/\/www.gs-tegernheim.de\/de\/wp-content\/uploads\/2025\/10\/2025-EB-Collage_fertig_Homepage-1-1024x731.jpg 1024w, https:\/\/www.gs-tegernheim.de\/de\/wp-content\/uploads\/2025\/10\/2025-EB-Collage_fertig_Homepage-1-980x700.jpg 980w, https:\/\/www.gs-tegernheim.de\/de\/wp-content\/uploads\/2025\/10\/2025-EB-Collage_fertig_Homepage-1-480x343.jpg 480w\" sizes=\"(min-width: 0px) and (max-width: 480px) 480px, (min-width: 481px) and (max-width: 980px) 980px, (min-width: 981px) 1024px, 100vw\" \/><\/figure>\n\n\n\n<p>Wir freuen uns auf die Herausforderungen dieses Schuljahres! Anregungen, Ideen, Kritik oder Lob nehmen wir gerne entgegen. Sie erreichen uns per Email unter: <strong><a href=\"mailto:elternbeirat@gs-tegernheim.de\">elternbeirat[a]vs-tegernheim.de<\/a>.<\/strong><\/p>\n\n\n\n<p><\/p>\n\n\n\n<p>Wir treffen uns w\u00e4hrend des Schuljahres regelm\u00e4\u00dfig, um gemeinsam mit der Schulleitung unsere Projekte zu besprechen und zu planen. So ist eine aktive Mitgestaltung des Schullebens m\u00f6glich.<\/p>\n\n\n\n<p>Der Elternbeirat unterst\u00fctzt und organisiert im Laufe eines Schuljahres viele Projekte, die j\u00e4hrlich wiederkehren und Aktionen, die einmalig stattfinden.<\/p>\n\n\n\n<ul class=\"wp-block-list\">\n<li>Nikolaus: Der Elternbeirat k\u00fcmmert sich um den Besuch des Nikolauses und bereitet S\u00e4ckchen vor.<\/li>\n\n\n\n<li>Vorlesetag: Eltern, Gro\u00dfeltern, Tanten und Onkel, Nachbarn,&#8230; lesen den Schulkindern Ausschnitte aus einem Buch ihrer Wahl vor. F\u00fcr die Kinder aber auch f\u00fcr alle Vorlesenden ist das in jedem Jahr ein sehr lustiger, spannender, zauberhafter, packender, abenteuerlicher, geheimnisvoller, unterhaltsamer und sch\u00f6ner Vormittag.<\/li>\n\n\n\n<li>Sportfest: der Elternbeirat spendet und bereitet f\u00fcr das Sportfest im Sommer Obsth\u00e4ppchen vor, damit sich die Kinder gesund erfrischen k\u00f6nnen.<\/li>\n\n\n\n<li>Schuleinschreibung: Der Elternbeirat bewirtet die Familien der zuk\u00fcnftigen Schulkinder mit Kaffee, Kuchen und kalten Getr\u00e4nken.<\/li>\n\n\n\n<li>\u201eClever ins Netz\u201c: Finanzierung eines Schulungsprogramms f\u00fcr die 3. und 4. Klassen zum Thema &#8222;Neue Medien&#8220;. Auch ein interessanter Online-Vortrag f\u00fcr die Erziehungsberechtigten geh\u00f6rt dazu.<\/li>\n\n\n\n<li>Zusch\u00fcsse zu Aktivit\u00e4ten der Klassen: unter anderem sind dies diverse Busfahrten, z.B. ins Theater, Abschlussprojekte der 4. Klassen, Projekte zur F\u00f6rderung einer stabilen Klassengemeinschaft, und vieles mehr.<\/li>\n\n\n\n<li>Bunter Abend: Der Bunte Abend findet anl\u00e4sslich der Verabschiedung der Viertkl\u00e4ssler statt und ist f\u00fcr alle anderen Kinder der Abschluss des Schuljahres. Es ist jedes Jahr ein sch\u00f6nes, stimmungsvolles Fest in der Schule. Der Elternbeirat organisiert mit Hilfe der Eltern aus allen Klassen Eltern die Verpflegung. Es gibt eine gro\u00dfe Auswahl an s\u00fc\u00dfen und herzhaften Speisen, wie z.B. Salate, Kuchen, alkoholfreie Cocktails, einen Grillstand, Eis und andere Leckereien.<\/li>\n<\/ul>\n","protected":false},"excerpt":{"rendered":"<p>Elternbeirat im Schuljahr 2025\/2026 Der Elternbeirat versteht sich als Bindeglied zwischen Eltern und Schule. Er wird durch die Eltern gew\u00e4hlt und vertritt die Interessen der Elternschaft gegen\u00fcber der Schule. Fragen, Anregungen, W\u00fcnsche und Probleme d\u00fcrfen zu jeder Zeit an den Elternbeirat herangetragen werden. Durch die vertrauensvolle und enge Zusammenarbeit zwischen Elternbeirat und Schule k\u00f6nnen Probleme [&hellip;]<\/p>\n","protected":false},"author":4,"featured_media":0,"parent":0,"menu_order":2,"comment_status":"closed","ping_status":"closed","template":"","meta":{"_et_pb_use_builder":"","_et_pb_old_content":"","_et_gb_content_width":"","_custom_body_class":"","_custom_post_class":"","footnotes":""},"class_list":["post-230","page","type-page","status-publish","hentry"],"_links":{"self":[{"href":"https:\/\/www.gs-tegernheim.de\/de\/index.php?rest_route=\/wp\/v2\/pages\/230","targetHints":{"allow":["GET"]}}],"collection":[{"href":"https:\/\/www.gs-tegernheim.de\/de\/index.php?rest_route=\/wp\/v2\/pages"}],"about":[{"href":"https:\/\/www.gs-tegernheim.de\/de\/index.php?rest_route=\/wp\/v2\/types\/page"}],"author":[{"embeddable":true,"href":"https:\/\/www.gs-tegernheim.de\/de\/index.php?rest_route=\/wp\/v2\/users\/4"}],"replies":[{"embeddable":true,"href":"https:\/\/www.gs-tegernheim.de\/de\/index.php?rest_route=%2Fwp%2Fv2%2Fcomments&post=230"}],"version-history":[{"count":71,"href":"https:\/\/www.gs-tegernheim.de\/de\/index.php?rest_route=\/wp\/v2\/pages\/230\/revisions"}],"predecessor-version":[{"id":10726,"href":"https:\/\/www.gs-tegernheim.de\/de\/index.php?rest_route=\/wp\/v2\/pages\/230\/revisions\/10726"}],"wp:attachment":[{"href":"https:\/\/www.gs-tegernheim.de\/de\/index.php?rest_route=%2Fwp%2Fv2%2Fmedia&parent=230"}],"curies":[{"name":"wp","href":"https:\/\/api.w.org\/{rel}","templated":true}]}}