{"id":20,"date":"2013-03-11T20:06:54","date_gmt":"2013-03-11T18:06:54","guid":{"rendered":"http:\/\/gstegernheim.wordpress.com\/?page_id=20"},"modified":"2026-03-19T09:08:48","modified_gmt":"2026-03-19T07:08:48","slug":"download","status":"publish","type":"page","link":"https:\/\/www.gs-tegernheim.de\/de\/?page_id=20","title":{"rendered":"Download"},"content":{"rendered":"\n<h2 class=\"wp-block-heading\" id=\"anmeldeformulare-fur-die-ganztagsschule\">Anmeldeformulare f\u00fcr die Ganztagsschule<\/h2>\n\n\n\n<h3 class=\"wp-block-heading\" id=\"vertrag-zur-aufnahme-in-den-gebundenen-ganztag-1-4-klasse\">Vertrag zur Aufnahme in den GGT 1.-4. Klasse<\/h3>\n\n\n\n<div class=\"wp-block-buttons is-layout-flex wp-block-buttons-is-layout-flex\">\n<div class=\"wp-block-button\"><a class=\"wp-block-button__link wp-element-button\" href=\"https:\/\/www.gs-tegernheim.de\/de\/wp-content\/uploads\/2021\/02\/Aufnahmeantrag-Ganztag.pdf\" target=\"_blank\" rel=\"noreferrer noopener\">Aufnahmevertrag Ganztag 1.-4. Klasse<\/a><\/div>\n<\/div>\n\n\n\n<div style=\"height:40px\" aria-hidden=\"true\" class=\"wp-block-spacer\"><\/div>\n\n\n\n<h3 class=\"wp-block-heading\" id=\"vertrag-zur-offenen-ganztagsbetreuung-ogts-1-4-klasse\">Vertrag zur Aufnahme in die OGTS 1.-4. Klasse<\/h3>\n\n\n\n<div class=\"wp-block-buttons is-layout-flex wp-block-buttons-is-layout-flex\">\n<div class=\"wp-block-button\"><a class=\"wp-block-button__link wp-element-button\" href=\"https:\/\/www.gs-tegernheim.de\/de\/wp-content\/uploads\/2022\/02\/Anmeldung-OGTS-Klassen1-4.pdf\" target=\"_blank\" rel=\"noreferrer noopener\">Aufnahmeantrag OGTS 1.-4. Klasse<\/a><\/div>\n<\/div>\n\n\n\n<div style=\"height:70px\" aria-hidden=\"true\" class=\"wp-block-spacer\"><\/div>\n\n\n\n<h2 class=\"wp-block-heading\" id=\"liefer-dienstleistungsvertrag-mittagessen\">Liefer-\/Dienstleistungsvertrag Mittagessen<\/h2>\n\n\n\n<div class=\"wp-block-buttons is-layout-flex wp-block-buttons-is-layout-flex\">\n<div class=\"wp-block-button\"><a class=\"wp-block-button__link wp-element-button\" href=\"https:\/\/www.gs-tegernheim.de\/de\/wp-content\/uploads\/2026\/03\/Anmeldung-ME.pdf\" target=\"_blank\" rel=\"noreferrer noopener\">Vertrag Men\u00fcservice Johanniter f\u00fcr GGT &amp; OGTS<\/a><\/div>\n<\/div>\n\n\n\n<div style=\"height:40px\" aria-hidden=\"true\" class=\"wp-block-spacer\"><\/div>\n\n\n\n<p>Hier k\u00f6nnen Sie den Vertrag der Johanniter herunterladen und ausdrucken. Durch das Lastschriftmandat \u00fcbernehmen die Johanniter die Veranlassung des Zahlungsverkehrs.<\/p>\n\n\n\n<p><strong>Die aktuellen Speisepl\u00e4ne finden Sie unter dem Bereich Ganztag<\/strong>.<\/p>\n\n\n\n<div style=\"height:20px\" aria-hidden=\"true\" class=\"wp-block-spacer\"><\/div>\n\n\n\n<h3 class=\"wp-block-heading\" id=\"speiseplan\">Anmeldung f\u00fcr ein Beratungsgespr\u00e4ch zum \u00dcbertritt<\/h3>\n\n\n\n<div class=\"wp-block-buttons is-layout-flex wp-block-buttons-is-layout-flex\">\n<div class=\"wp-block-button\"><a class=\"wp-block-button__link wp-element-button\" href=\"https:\/\/www.gs-tegernheim.de\/de\/wp-content\/uploads\/2023\/01\/Anmeldung_Beratungsgespraech_OriginalVorlage-Karin.pdf\" target=\"_blank\" rel=\"noreferrer noopener\">Anmeldung zum Beratungsgespr\u00e4ch<\/a><\/div>\n<\/div>\n\n\n\n<div style=\"height:40px\" aria-hidden=\"true\" class=\"wp-block-spacer\"><\/div>\n\n\n\n<p><\/p>\n","protected":false},"excerpt":{"rendered":"<p>Anmeldeformulare f\u00fcr die Ganztagsschule Vertrag zur Aufnahme in den GGT 1.-4. Klasse Vertrag zur Aufnahme in die OGTS 1.-4. Klasse Liefer-\/Dienstleistungsvertrag Mittagessen Hier k\u00f6nnen Sie den Vertrag der Johanniter herunterladen und ausdrucken. Durch das Lastschriftmandat \u00fcbernehmen die Johanniter die Veranlassung des Zahlungsverkehrs. Die aktuellen Speisepl\u00e4ne finden Sie unter dem Bereich Ganztag. Anmeldung f\u00fcr ein Beratungsgespr\u00e4ch [&hellip;]<\/p>\n","protected":false},"author":4,"featured_media":0,"parent":0,"menu_order":6,"comment_status":"closed","ping_status":"closed","template":"","meta":{"_et_pb_use_builder":"","_et_pb_old_content":"","_et_gb_content_width":"","_custom_body_class":"","_custom_post_class":"","footnotes":""},"class_list":["post-20","page","type-page","status-publish","hentry"],"_links":{"self":[{"href":"https:\/\/www.gs-tegernheim.de\/de\/index.php?rest_route=\/wp\/v2\/pages\/20","targetHints":{"allow":["GET"]}}],"collection":[{"href":"https:\/\/www.gs-tegernheim.de\/de\/index.php?rest_route=\/wp\/v2\/pages"}],"about":[{"href":"https:\/\/www.gs-tegernheim.de\/de\/index.php?rest_route=\/wp\/v2\/types\/page"}],"author":[{"embeddable":true,"href":"https:\/\/www.gs-tegernheim.de\/de\/index.php?rest_route=\/wp\/v2\/users\/4"}],"replies":[{"embeddable":true,"href":"https:\/\/www.gs-tegernheim.de\/de\/index.php?rest_route=%2Fwp%2Fv2%2Fcomments&post=20"}],"version-history":[{"count":50,"href":"https:\/\/www.gs-tegernheim.de\/de\/index.php?rest_route=\/wp\/v2\/pages\/20\/revisions"}],"predecessor-version":[{"id":10761,"href":"https:\/\/www.gs-tegernheim.de\/de\/index.php?rest_route=\/wp\/v2\/pages\/20\/revisions\/10761"}],"wp:attachment":[{"href":"https:\/\/www.gs-tegernheim.de\/de\/index.php?rest_route=%2Fwp%2Fv2%2Fmedia&parent=20"}],"curies":[{"name":"wp","href":"https:\/\/api.w.org\/{rel}","templated":true}]}}