{"id":193,"date":"2013-03-18T14:46:35","date_gmt":"2013-03-18T12:46:35","guid":{"rendered":"http:\/\/gstegernheim.wordpress.com\/?page_id=193"},"modified":"2022-02-08T13:32:21","modified_gmt":"2022-02-08T11:32:21","slug":"kindermund","status":"publish","type":"page","link":"https:\/\/www.gs-tegernheim.de\/de\/?page_id=193","title":{"rendered":"Kindermund"},"content":{"rendered":"<p><b>So empfinden Kinder den Ganztag<\/b><\/p>\n<p>Juhu, ich f\u00fchle mich wohl und gut in der Ganztagesklasse<\/p>\n<p>Wenn ich fr\u00fcher nach Hause gehen w\u00fcrde, w\u00e4re ich allein.<\/p>\n<p>Ganztag ist toll, weil wir die Hausaufgaben in der Schule machen, da lernt man besser.<\/p>\n<p>Die Lehrer sind nett und wir machen viel Gruppenarbeit.<\/p>\n<p>Es ist sch\u00f6n, dass wir die Hausaufgaben nicht mehr zu Hause machen m\u00fcssen.<\/p>\n<p><b>Unterricht ist nie langweilig.<\/b><\/p>\n<p>Toll ist, dass wir nur am Freitag Hausaufgaben machen m\u00fcssen.<\/p>\n<p>Durch den Ganztag kommt Abwechslung rein zwischen Lernen und Spielen.<\/p>\n<p>Klasse, weil ich so lange mit meinen Freunden zusammen sein kann.<\/p>\n<p><b>\u00dcber das Essen meinen sie:<\/b><\/p>\n<p>Das sch\u00f6nste ist, dass wir einmal in der Woche zusammen Fr\u00fchst\u00fcck machen.<\/p>\n<p>Essen ist lecker.<\/p>\n<p>Das Mittagessen schmeckt.<\/p>\n<p>Es ist sch\u00f6n, weil man gut fr\u00fchst\u00fccken kann.<\/p>\n<p>Es gef\u00e4llt mich gut, weil ich mit meinen Freunden zusammen essen kann.<\/p>\n<p><b>Die Spielezeit empfinden sie so:<\/b><\/p>\n<p>Wir d\u00fcrfen selbst entscheiden, wo wir in der Spielezeit hingehen wollen, z.B. Turnhalle, Spielezimmer , Wiese, Entspannungszimmer.<\/p>\n<p>Toll ist, dass wir das Entspannungszimmer und das Spielezimmer viel mehr nutzen k\u00f6nnen als die in den Regelklassen.<\/p>\n<p>Mir gef\u00e4llt, dass wir die Geburtstage der Betreuer feiern mit einer Karte mit Unterschrift der Kinder.<\/p>\n<p>Toll ist, dass es jeden Tag die Spielezeit gibt.<\/p>\n<p>Wir haben so viele sch\u00f6ne Spielzeuge.<\/p>\n<p>Sch\u00f6n ist, dass die Betreuer so nett sind. Nicht sch\u00f6n ist es, wenn ich krank bin und nicht mit meinen Freunden spielen kann.<\/p>\n<p>Es ist toll, weil ich in der Spielezeit ins Entspannungszimmer darf.<\/p>\n","protected":false},"excerpt":{"rendered":"<p>So empfinden Kinder den Ganztag Juhu, ich f\u00fchle mich wohl und gut in der Ganztagesklasse Wenn ich fr\u00fcher nach Hause gehen w\u00fcrde, w\u00e4re ich allein. Ganztag ist toll, weil wir die Hausaufgaben in der Schule machen, da lernt man besser. Die Lehrer sind nett und wir machen viel Gruppenarbeit. Es ist sch\u00f6n, dass wir die [&hellip;]<\/p>\n","protected":false},"author":4,"featured_media":0,"parent":0,"menu_order":0,"comment_status":"closed","ping_status":"closed","template":"","meta":{"_et_pb_use_builder":"","_et_pb_old_content":"","_et_gb_content_width":"","_custom_body_class":"","_custom_post_class":"","footnotes":""},"class_list":["post-193","page","type-page","status-publish","hentry"],"_links":{"self":[{"href":"https:\/\/www.gs-tegernheim.de\/de\/index.php?rest_route=\/wp\/v2\/pages\/193","targetHints":{"allow":["GET"]}}],"collection":[{"href":"https:\/\/www.gs-tegernheim.de\/de\/index.php?rest_route=\/wp\/v2\/pages"}],"about":[{"href":"https:\/\/www.gs-tegernheim.de\/de\/index.php?rest_route=\/wp\/v2\/types\/page"}],"author":[{"embeddable":true,"href":"https:\/\/www.gs-tegernheim.de\/de\/index.php?rest_route=\/wp\/v2\/users\/4"}],"replies":[{"embeddable":true,"href":"https:\/\/www.gs-tegernheim.de\/de\/index.php?rest_route=%2Fwp%2Fv2%2Fcomments&post=193"}],"version-history":[{"count":6,"href":"https:\/\/www.gs-tegernheim.de\/de\/index.php?rest_route=\/wp\/v2\/pages\/193\/revisions"}],"predecessor-version":[{"id":5562,"href":"https:\/\/www.gs-tegernheim.de\/de\/index.php?rest_route=\/wp\/v2\/pages\/193\/revisions\/5562"}],"wp:attachment":[{"href":"https:\/\/www.gs-tegernheim.de\/de\/index.php?rest_route=%2Fwp%2Fv2%2Fmedia&parent=193"}],"curies":[{"name":"wp","href":"https:\/\/api.w.org\/{rel}","templated":true}]}}