{"id":180,"date":"2013-03-18T15:38:32","date_gmt":"2013-03-18T13:38:32","guid":{"rendered":"http:\/\/gstegernheim.wordpress.com\/?page_id=180"},"modified":"2022-02-08T13:32:28","modified_gmt":"2022-02-08T11:32:28","slug":"lernen","status":"publish","type":"page","link":"https:\/\/www.gs-tegernheim.de\/de\/?page_id=180","title":{"rendered":"Lernen"},"content":{"rendered":"<p style=\"text-align: justify;\">Das Lernen in einer gebundenen Ganztagesklasse ist durch einen rhythmisierten Tagesablauf gekennzeichnet. Der Pflichtunterricht verteilt sich dabei auf Vormittag und Nachmittag und wird aufgelockert bzw. begleitet von \u00dcbungs- und Lernzeiten sowie Entspannungs- und Spielphasen.<\/p>\n<p style=\"text-align: justify;\">Beispiel eines rhythmisierten Unterrichtstages der Klasse 3bg :<br \/>\n8.00 -10.15 Uhr Unterricht<br \/>\n10.15-10.45 Uhr Pause<br \/>\n10.45 -11.30 Uhr Spielezeit<br \/>\n11.30-13.00 Uhr \u00dcbungs- und Lernzeit<br \/>\n13.00-13.45 Uhr Mittagessen\/Spiel<br \/>\n13.45 -16.00 Uhr Unterricht<\/p>\n<p>In den t\u00e4glichen \u00dcbungs- und Lernzeiten ist eine intensive F\u00f6rderung und Differenzierung von Sch\u00fclern mit Lerndefiziten sowie besonderen Begabungen m\u00f6glich. Das Lernen und Arbeiten in Kleingruppen \u2013 betreut von Lehrkr\u00e4ften \u2013 unterst\u00fctzt dabei den individuellen Lernfortschritt der Sch\u00fcler.<br \/>\nDie Lernzeiten bieten dar\u00fcber hinaus mehr Freiraum f\u00fcr den Einsatz offener Unterrichtsformen wie zum Beispiel Wochenplanarbeit oder Projektarbeit. Dabei werden sowohl Lern- und Arbeitskompetenzen als auch soziale Kompetenzen der Sch\u00fcler gefordert und gef\u00f6rdert.<\/p>\n\n","protected":false},"excerpt":{"rendered":"<p>Das Lernen in einer gebundenen Ganztagesklasse ist durch einen rhythmisierten Tagesablauf gekennzeichnet. Der Pflichtunterricht verteilt sich dabei auf Vormittag und Nachmittag und wird aufgelockert bzw. begleitet von \u00dcbungs- und Lernzeiten sowie Entspannungs- und Spielphasen. Beispiel eines rhythmisierten Unterrichtstages der Klasse 3bg : 8.00 -10.15 Uhr Unterricht 10.15-10.45 Uhr Pause 10.45 -11.30 Uhr Spielezeit 11.30-13.00 Uhr [&hellip;]<\/p>\n","protected":false},"author":4,"featured_media":0,"parent":0,"menu_order":0,"comment_status":"closed","ping_status":"closed","template":"","meta":{"_et_pb_use_builder":"","_et_pb_old_content":"","_et_gb_content_width":"","_custom_body_class":"","_custom_post_class":"","footnotes":""},"class_list":["post-180","page","type-page","status-publish","hentry"],"_links":{"self":[{"href":"https:\/\/www.gs-tegernheim.de\/de\/index.php?rest_route=\/wp\/v2\/pages\/180","targetHints":{"allow":["GET"]}}],"collection":[{"href":"https:\/\/www.gs-tegernheim.de\/de\/index.php?rest_route=\/wp\/v2\/pages"}],"about":[{"href":"https:\/\/www.gs-tegernheim.de\/de\/index.php?rest_route=\/wp\/v2\/types\/page"}],"author":[{"embeddable":true,"href":"https:\/\/www.gs-tegernheim.de\/de\/index.php?rest_route=\/wp\/v2\/users\/4"}],"replies":[{"embeddable":true,"href":"https:\/\/www.gs-tegernheim.de\/de\/index.php?rest_route=%2Fwp%2Fv2%2Fcomments&post=180"}],"version-history":[{"count":10,"href":"https:\/\/www.gs-tegernheim.de\/de\/index.php?rest_route=\/wp\/v2\/pages\/180\/revisions"}],"predecessor-version":[{"id":5563,"href":"https:\/\/www.gs-tegernheim.de\/de\/index.php?rest_route=\/wp\/v2\/pages\/180\/revisions\/5563"}],"wp:attachment":[{"href":"https:\/\/www.gs-tegernheim.de\/de\/index.php?rest_route=%2Fwp%2Fv2%2Fmedia&parent=180"}],"curies":[{"name":"wp","href":"https:\/\/api.w.org\/{rel}","templated":true}]}}