{"id":1581,"date":"2014-02-04T16:42:21","date_gmt":"2014-02-04T14:42:21","guid":{"rendered":"http:\/\/www.gs-tegernheim.de\/de\/?page_id=1581"},"modified":"2022-03-31T15:16:02","modified_gmt":"2022-03-31T13:16:02","slug":"online-beitritt","status":"publish","type":"page","link":"https:\/\/www.gs-tegernheim.de\/de\/?page_id=1581","title":{"rendered":"Online Beitritt"},"content":{"rendered":"\n<div class=\"wp-block-contact-form-7-contact-form-selector\">\n<div class=\"wpcf7 no-js\" id=\"wpcf7-f1659-o1\" lang=\"de-DE\" dir=\"ltr\" data-wpcf7-id=\"1659\">\n<div class=\"screen-reader-response\"><p role=\"status\" aria-live=\"polite\" aria-atomic=\"true\"><\/p> <ul><\/ul><\/div>\n<form action=\"\/de\/index.php?rest_route=%2Fwp%2Fv2%2Fpages%2F1581#wpcf7-f1659-o1\" method=\"post\" class=\"wpcf7-form init\" aria-label=\"Kontaktformular\" novalidate=\"novalidate\" data-status=\"init\">\n<fieldset class=\"hidden-fields-container\"><input type=\"hidden\" name=\"_wpcf7\" value=\"1659\" \/><input type=\"hidden\" name=\"_wpcf7_version\" value=\"6.1.5\" \/><input type=\"hidden\" name=\"_wpcf7_locale\" value=\"de_DE\" \/><input type=\"hidden\" name=\"_wpcf7_unit_tag\" value=\"wpcf7-f1659-o1\" \/><input type=\"hidden\" name=\"_wpcf7_container_post\" value=\"0\" \/><input type=\"hidden\" name=\"_wpcf7_posted_data_hash\" value=\"\" \/>\n<\/fieldset>\n<h2>Beitrittserkl\u00e4rung\n<\/h2>\n<p>Vorname (Pflichtfeld)\n<\/p>\n<p><span class=\"wpcf7-form-control-wrap\" data-name=\"your-vorname\"><input size=\"40\" maxlength=\"400\" class=\"wpcf7-form-control wpcf7-text wpcf7-validates-as-required\" aria-required=\"true\" aria-invalid=\"false\" value=\"\" type=\"text\" name=\"your-vorname\" \/><\/span>\n<\/p>\n<p>Nachname (Pflichtfeld)\n<\/p>\n<p><span class=\"wpcf7-form-control-wrap\" data-name=\"your-nachname\"><input size=\"40\" maxlength=\"400\" class=\"wpcf7-form-control wpcf7-text wpcf7-validates-as-required\" aria-required=\"true\" aria-invalid=\"false\" value=\"\" type=\"text\" name=\"your-nachname\" \/><\/span>\n<\/p>\n<p>Stra\u00dfe, Hausnummer (Pflichtfeld)\n<\/p>\n<p><span class=\"wpcf7-form-control-wrap\" data-name=\"your-adress\"><input size=\"40\" maxlength=\"400\" class=\"wpcf7-form-control wpcf7-text wpcf7-validates-as-required\" aria-required=\"true\" aria-invalid=\"false\" value=\"\" type=\"text\" name=\"your-adress\" \/><\/span>\n<\/p>\n<p>PLZ, Ort (Pflichtfeld)\n<\/p>\n<p><span class=\"wpcf7-form-control-wrap\" data-name=\"your-adress2\"><input size=\"40\" maxlength=\"400\" class=\"wpcf7-form-control wpcf7-text wpcf7-validates-as-required\" aria-required=\"true\" aria-invalid=\"false\" value=\"\" type=\"text\" name=\"your-adress2\" \/><\/span>\n<\/p>\n<p>E-Mail-Adresse (Pflichtfeld)\n<\/p>\n<p><span class=\"wpcf7-form-control-wrap\" data-name=\"your-mail\"><input size=\"40\" maxlength=\"400\" class=\"wpcf7-form-control wpcf7-email wpcf7-validates-as-required wpcf7-text wpcf7-validates-as-email\" aria-required=\"true\" aria-invalid=\"false\" value=\"\" type=\"email\" name=\"your-mail\" \/><\/span>\n<\/p>\n<p>Telefonnummer (Pflichtfeld)\n<\/p>\n<p><span class=\"wpcf7-form-control-wrap\" data-name=\"your-number\"><input size=\"40\" maxlength=\"400\" class=\"wpcf7-form-control wpcf7-tel wpcf7-validates-as-required wpcf7-text wpcf7-validates-as-tel\" aria-required=\"true\" aria-invalid=\"false\" value=\"\" type=\"tel\" name=\"your-number\" \/><\/span>\n<\/p>\n<p>Von der Satzung habe ich Kenntnis genommen und erkenne sie bei Aufnahme verbindlich an. Die Mitgliedschaft ist fortlaufend. Die Mitgliedschaft verl\u00e4ngert sich um ein Kalenderjahr, wenn nicht einen Monat vor Jahresende schriftlich gek\u00fcndigt wurde.1*<span class=\"wpcf7-form-control-wrap\" data-name=\"acceptance-295\"><span class=\"wpcf7-form-control wpcf7-acceptance\"><span class=\"wpcf7-list-item\"><input type=\"checkbox\" name=\"acceptance-295\" value=\"1\" aria-invalid=\"false\" \/><\/span><\/span><\/span>\n<\/p>\n<p>Mit Setzen des Hakens erkl\u00e4re ich mich einverstanden, dass die von mir erhobenen Daten elektronisch erhoben und gespeichert werden. Diese Einwilligung kann ich jederzeit mit einer Nachricht an Sie widerrufen.2*<span class=\"wpcf7-form-control-wrap\" data-name=\"acceptance-296\"><span class=\"wpcf7-form-control wpcf7-acceptance\"><span class=\"wpcf7-list-item\"><input type=\"checkbox\" name=\"acceptance-296\" value=\"1\" aria-invalid=\"false\" \/><\/span><\/span><\/span>\n<\/p>\n<p><br class=\u201cclear\u201c \/>\n<\/p>\n<h2>Einzugserm\u00e4chtigung\n<\/h2>\n<p>Ich unterst\u00fctze die ideellen und materiellen F\u00f6rderungsabsichten des F\u00f6rdervereins mit einem Jahresbetrag von derzeit 12,00 EUR.\n<\/p>\n<p>Die Abbuchung des Mitgliedsbeitrages erfolgt per SEPA-Lastschriftverfahren zum 20. Januar eines jeden Jahres (Gl\u00e4ubiger ID-Nummer: DE91ZZZ00001285327).\n<\/p>\n<p>Kontoinhaber (Pflichtfeld)\n<\/p>\n<p><span class=\"wpcf7-form-control-wrap\" data-name=\"kontoinhaber\"><input size=\"40\" maxlength=\"400\" class=\"wpcf7-form-control wpcf7-text wpcf7-validates-as-required\" aria-required=\"true\" aria-invalid=\"false\" value=\"\" type=\"text\" name=\"kontoinhaber\" \/><\/span><br \/>\nIBAN (Pflichtfeld)\n<\/p>\n<p><span class=\"wpcf7-form-control-wrap\" data-name=\"IBAN\"><input size=\"40\" maxlength=\"400\" class=\"wpcf7-form-control wpcf7-text wpcf7-validates-as-required\" aria-required=\"true\" aria-invalid=\"false\" value=\"\" type=\"text\" name=\"IBAN\" \/><\/span><br \/>\nSwift\/BIC (Pflichtfeld)\n<\/p>\n<p><span class=\"wpcf7-form-control-wrap\" data-name=\"BIC\"><input size=\"40\" maxlength=\"400\" class=\"wpcf7-form-control wpcf7-text wpcf7-validates-as-required\" aria-required=\"true\" aria-invalid=\"false\" value=\"\" type=\"text\" name=\"BIC\" \/><\/span><br \/>\nKreditinstitut (Pflichtfeld)\n<\/p>\n<p><span class=\"wpcf7-form-control-wrap\" data-name=\"institut\"><input size=\"40\" maxlength=\"400\" class=\"wpcf7-form-control wpcf7-text wpcf7-validates-as-required\" aria-required=\"true\" aria-invalid=\"false\" value=\"\" type=\"text\" name=\"institut\" \/><\/span><br \/>\n<span id=\"wpcf7-69f53149358a7-wrapper\" class=\"wpcf7-form-control-wrap email-29-wrap\" style=\"display:none !important; visibility:hidden !important;\"><label for=\"wpcf7-69f53149358a7-field\" class=\"hp-message\">Bitte lasse dieses Feld leer.<\/label><input id=\"wpcf7-69f53149358a7-field\"  class=\"wpcf7-form-control wpcf7-text\" type=\"text\" name=\"email-29\" value=\"\" size=\"40\" tabindex=\"-1\" autocomplete=\"new-password\" \/><\/span>\n<\/p>\n<p>Hiermit erm\u00e4chtige ich in jederzeit widerruflicher Weise den F\u00f6rderverein, von meinem Konto den Mitgliedsbeitrag im Lastschriftverfahren einzuziehen.<span class=\"wpcf7-form-control-wrap\" data-name=\"acceptance-119\"><span class=\"wpcf7-form-control wpcf7-acceptance\"><span class=\"wpcf7-list-item\"><input type=\"checkbox\" name=\"acceptance-119\" value=\"1\" aria-invalid=\"false\" \/><\/span><\/span><\/span>\n<\/p>\n<p><br class=\u201cclear\u201c \/>\n<\/p>\n<p><input class=\"wpcf7-form-control wpcf7-submit has-spinner\" type=\"submit\" value=\"Ich trete bei\" \/>\n<\/p><div class=\"wpcf7-response-output\" aria-hidden=\"true\"><\/div>\n<\/form>\n<\/div>\n<\/div>\n\n\n\n<p><i>1* Die Satzung kann im Internet eingesehen werden unter: <a href=\"https:\/\/www.gs-tegernheim.de\/de\/wp-content\/uploads\/2014\/02\/Satzung.pdf\" target=\"_blank\" rel=\"noreferrer noopener\">Satzung<\/a><\/i><br><i>2* Weitere Informationen entnehmen Sie der <a href=\"https:\/\/www.gs-tegernheim.de\/de\/?page_id=4575\" target=\"_blank\" rel=\"noreferrer noopener\">Datenschutzerkl\u00e4rung<\/a><\/i><\/p>\n","protected":false},"excerpt":{"rendered":"<p>1* Die Satzung kann im Internet eingesehen werden unter: Satzung2* Weitere Informationen entnehmen Sie der Datenschutzerkl\u00e4rung<\/p>\n","protected":false},"author":4,"featured_media":0,"parent":0,"menu_order":14,"comment_status":"closed","ping_status":"closed","template":"","meta":{"_et_pb_use_builder":"","_et_pb_old_content":"","_et_gb_content_width":"","_custom_body_class":"","_custom_post_class":"","footnotes":""},"class_list":["post-1581","page","type-page","status-publish","hentry"],"_links":{"self":[{"href":"https:\/\/www.gs-tegernheim.de\/de\/index.php?rest_route=\/wp\/v2\/pages\/1581","targetHints":{"allow":["GET"]}}],"collection":[{"href":"https:\/\/www.gs-tegernheim.de\/de\/index.php?rest_route=\/wp\/v2\/pages"}],"about":[{"href":"https:\/\/www.gs-tegernheim.de\/de\/index.php?rest_route=\/wp\/v2\/types\/page"}],"author":[{"embeddable":true,"href":"https:\/\/www.gs-tegernheim.de\/de\/index.php?rest_route=\/wp\/v2\/users\/4"}],"replies":[{"embeddable":true,"href":"https:\/\/www.gs-tegernheim.de\/de\/index.php?rest_route=%2Fwp%2Fv2%2Fcomments&post=1581"}],"version-history":[{"count":13,"href":"https:\/\/www.gs-tegernheim.de\/de\/index.php?rest_route=\/wp\/v2\/pages\/1581\/revisions"}],"predecessor-version":[{"id":7025,"href":"https:\/\/www.gs-tegernheim.de\/de\/index.php?rest_route=\/wp\/v2\/pages\/1581\/revisions\/7025"}],"wp:attachment":[{"href":"https:\/\/www.gs-tegernheim.de\/de\/index.php?rest_route=%2Fwp%2Fv2%2Fmedia&parent=1581"}],"curies":[{"name":"wp","href":"https:\/\/api.w.org\/{rel}","templated":true}]}}