{"id":1180,"date":"2013-09-16T13:19:49","date_gmt":"2013-09-16T11:19:49","guid":{"rendered":"http:\/\/www.gs-tegernheim.de\/de\/?page_id=1180"},"modified":"2025-03-14T17:51:57","modified_gmt":"2025-03-14T15:51:57","slug":"lotsendienst","status":"publish","type":"page","link":"https:\/\/www.gs-tegernheim.de\/de\/?page_id=1180","title":{"rendered":"Elternlotsen"},"content":{"rendered":"\n<p>Der Lotsendienst in Tegernheim wurde 2010 von Alexandra Schwinghammer und Diana Zettl gegr\u00fcndet und ist mittlerweile zu einer festen Institution f\u00fcr mehr Verkehrssicherheit geworden.<\/p>\n\n\n\n<p>Momentan sind wir ca. 36 aktive Lotsinnen und Lotsen. An jedem Schultag des Jahres und bei jeder Wetterlage stehen von 7:20 \u2013 7:55 Uhr zwei Teammitglieder an der Kreuzung Hauptstra\u00dfe\/Ringstra\u00dfe und der Ampel auf der Hauptstra\u00dfe. Hier ist jeden Morgen sehr viel Verkehr und die Anwesenheit des Lotsenteams tr\u00e4gt zu wesentlich mehr Sicherheit f\u00fcr die Schulkinder bei. Ein herzliches Dankesch\u00f6n f\u00fcr das tolle ehrenamtliche Engagement!<\/p>\n\n\n\n<figure class=\"wp-block-gallery has-nested-images columns-2 is-cropped wp-block-gallery-1 is-layout-flex wp-block-gallery-is-layout-flex\">\n<figure class=\"wp-block-image size-large\"><a href=\"https:\/\/www.gs-tegernheim.de\/de\/wp-content\/uploads\/2022\/03\/lotsen_01.jpg\" data-rel=\"lightbox-image-0\" data-rl_title=\"\" data-rl_caption=\"\" title=\"\"><img loading=\"lazy\" decoding=\"async\" width=\"1024\" height=\"755\" data-id=\"6650\" src=\"https:\/\/www.gs-tegernheim.de\/de\/wp-content\/uploads\/2022\/03\/lotsen_01-1024x755.jpg\" alt=\"\" class=\"wp-image-6650\" srcset=\"https:\/\/www.gs-tegernheim.de\/de\/wp-content\/uploads\/2022\/03\/lotsen_01-980x723.jpg 980w, https:\/\/www.gs-tegernheim.de\/de\/wp-content\/uploads\/2022\/03\/lotsen_01-480x354.jpg 480w\" sizes=\"(min-width: 0px) and (max-width: 480px) 480px, (min-width: 481px) and (max-width: 980px) 980px, (min-width: 981px) 1024px, 100vw\" \/><\/a><\/figure>\n\n\n\n<figure class=\"wp-block-image size-large\"><a href=\"https:\/\/www.gs-tegernheim.de\/de\/wp-content\/uploads\/2022\/03\/lotsen_02.jpg\" data-rel=\"lightbox-image-1\" data-rl_title=\"\" data-rl_caption=\"\" title=\"\"><img loading=\"lazy\" decoding=\"async\" width=\"1024\" height=\"683\" data-id=\"6653\" src=\"https:\/\/www.gs-tegernheim.de\/de\/wp-content\/uploads\/2022\/03\/lotsen_02-1024x683.jpg\" alt=\"\" class=\"wp-image-6653\" srcset=\"https:\/\/www.gs-tegernheim.de\/de\/wp-content\/uploads\/2022\/03\/lotsen_02-980x653.jpg 980w, https:\/\/www.gs-tegernheim.de\/de\/wp-content\/uploads\/2022\/03\/lotsen_02-480x320.jpg 480w\" sizes=\"(min-width: 0px) and (max-width: 480px) 480px, (min-width: 481px) and (max-width: 980px) 980px, (min-width: 981px) 1024px, 100vw\" \/><\/a><\/figure>\n\n\n\n<figure class=\"wp-block-image size-large\"><a href=\"https:\/\/www.gs-tegernheim.de\/de\/wp-content\/uploads\/2022\/03\/lotsen_03.jpg\" data-rel=\"lightbox-image-2\" data-rl_title=\"\" data-rl_caption=\"\" title=\"\"><img loading=\"lazy\" decoding=\"async\" width=\"1024\" height=\"683\" data-id=\"6651\" src=\"https:\/\/www.gs-tegernheim.de\/de\/wp-content\/uploads\/2022\/03\/lotsen_03-1024x683.jpg\" alt=\"\" class=\"wp-image-6651\" srcset=\"https:\/\/www.gs-tegernheim.de\/de\/wp-content\/uploads\/2022\/03\/lotsen_03-980x653.jpg 980w, https:\/\/www.gs-tegernheim.de\/de\/wp-content\/uploads\/2022\/03\/lotsen_03-480x320.jpg 480w\" sizes=\"(min-width: 0px) and (max-width: 480px) 480px, (min-width: 481px) and (max-width: 980px) 980px, (min-width: 981px) 1024px, 100vw\" \/><\/a><\/figure>\n\n\n\n<figure class=\"wp-block-image size-large\"><a href=\"https:\/\/www.gs-tegernheim.de\/de\/wp-content\/uploads\/2022\/03\/lotsen_04.jpg\" data-rel=\"lightbox-image-3\" data-rl_title=\"\" data-rl_caption=\"\" title=\"\"><img loading=\"lazy\" decoding=\"async\" width=\"1024\" height=\"683\" data-id=\"6652\" src=\"https:\/\/www.gs-tegernheim.de\/de\/wp-content\/uploads\/2022\/03\/lotsen_04-1024x683.jpg\" alt=\"\" class=\"wp-image-6652\" srcset=\"https:\/\/www.gs-tegernheim.de\/de\/wp-content\/uploads\/2022\/03\/lotsen_04-980x653.jpg 980w, https:\/\/www.gs-tegernheim.de\/de\/wp-content\/uploads\/2022\/03\/lotsen_04-480x320.jpg 480w\" sizes=\"(min-width: 0px) and (max-width: 480px) 480px, (min-width: 481px) and (max-width: 980px) 980px, (min-width: 981px) 1024px, 100vw\" \/><\/a><\/figure>\n<\/figure>\n\n\n\n<div style=\"height:40px\" aria-hidden=\"true\" class=\"wp-block-spacer\"><\/div>\n\n\n\n<p>Kurz nach Beginn des Schuljahres treffen wir uns mit den Kindern der ersten Klassen und ihren Lehrkr\u00e4ften an der Kreuzung. Wir \u00fcben mit den Kindern, wie man sicher die Ringstra\u00dfe und die Ampel an der Hauptstra\u00dfe \u00fcberquert. Den Kindern macht das immer viel Spa\u00df. 2021 haben wir dieses Training erstmalig auch f\u00fcr die Vorschulkinder der Tegernheimer Kinderg\u00e4rten angeboten. Nach sehr positiver Resonanz von den Kindern und Erzieherinnen werden das in diesem Jahr gerne wiederholen.<\/p>\n\n\n\n<p>Laut Deutscher Verkehrswacht hat es seit Einf\u00fchrung des Sch\u00fclerlotsendienstes im Jahr 1953 an von Lotsen gesicherten \u00dcberg\u00e4ngen in Deutschland keinen einzigen schweren oder t\u00f6dlichen Unfall gegeben. Unser Einsatz lohnt sich also sehr!<\/p>\n\n\n\n<p>Haben Sie Lust, sich f\u00fcr die Schulwegsicherheit zu engagieren? Lotsen kann bei uns jede\/-r \u2013 auch ohne eigene Kinder an der Grundschule. Alle lotsen 1-2x im Monat. Die Einteilung erfolgt jeden Monat nach Absprache und nat\u00fcrlich werden individuelle W\u00fcnsche bei der Planung ber\u00fccksichtigt. Melden Sie sich gerne bei mir!<\/p>\n\n\n\n<p>Andrea Dassow<br>Email: <a href=\"mailto:andrea.dassow@gmx.de\">andrea.dassow@gmx.de<\/a><\/p>\n","protected":false},"excerpt":{"rendered":"<p>Der Lotsendienst in Tegernheim wurde 2010 von Alexandra Schwinghammer und Diana Zettl gegr\u00fcndet und ist mittlerweile zu einer festen Institution f\u00fcr mehr Verkehrssicherheit geworden. Momentan sind wir ca. 36 aktive Lotsinnen und Lotsen. An jedem Schultag des Jahres und bei jeder Wetterlage stehen von 7:20 \u2013 7:55 Uhr zwei Teammitglieder an der Kreuzung Hauptstra\u00dfe\/Ringstra\u00dfe und [&hellip;]<\/p>\n","protected":false},"author":4,"featured_media":0,"parent":0,"menu_order":4,"comment_status":"closed","ping_status":"closed","template":"","meta":{"_et_pb_use_builder":"","_et_pb_old_content":"","_et_gb_content_width":"","_custom_body_class":"","_custom_post_class":"","footnotes":""},"class_list":["post-1180","page","type-page","status-publish","hentry"],"_links":{"self":[{"href":"https:\/\/www.gs-tegernheim.de\/de\/index.php?rest_route=\/wp\/v2\/pages\/1180","targetHints":{"allow":["GET"]}}],"collection":[{"href":"https:\/\/www.gs-tegernheim.de\/de\/index.php?rest_route=\/wp\/v2\/pages"}],"about":[{"href":"https:\/\/www.gs-tegernheim.de\/de\/index.php?rest_route=\/wp\/v2\/types\/page"}],"author":[{"embeddable":true,"href":"https:\/\/www.gs-tegernheim.de\/de\/index.php?rest_route=\/wp\/v2\/users\/4"}],"replies":[{"embeddable":true,"href":"https:\/\/www.gs-tegernheim.de\/de\/index.php?rest_route=%2Fwp%2Fv2%2Fcomments&post=1180"}],"version-history":[{"count":16,"href":"https:\/\/www.gs-tegernheim.de\/de\/index.php?rest_route=\/wp\/v2\/pages\/1180\/revisions"}],"predecessor-version":[{"id":6658,"href":"https:\/\/www.gs-tegernheim.de\/de\/index.php?rest_route=\/wp\/v2\/pages\/1180\/revisions\/6658"}],"wp:attachment":[{"href":"https:\/\/www.gs-tegernheim.de\/de\/index.php?rest_route=%2Fwp%2Fv2%2Fmedia&parent=1180"}],"curies":[{"name":"wp","href":"https:\/\/api.w.org\/{rel}","templated":true}]}}