{"id":108,"date":"2013-03-17T19:03:04","date_gmt":"2013-03-17T17:03:04","guid":{"rendered":"http:\/\/gstegernheim.wordpress.com\/?page_id=108"},"modified":"2023-10-05T21:28:03","modified_gmt":"2023-10-05T19:28:03","slug":"schulpsychologie","status":"publish","type":"page","link":"https:\/\/www.gs-tegernheim.de\/de\/?page_id=108","title":{"rendered":"Schulberatung"},"content":{"rendered":"\n<div class=\"wp-block-columns is-layout-flex wp-container-core-columns-is-layout-9d6595d7 wp-block-columns-is-layout-flex\">\n<div class=\"wp-block-column is-layout-flow wp-block-column-is-layout-flow\" style=\"flex-basis:50%\">\n<figure class=\"wp-block-image size-full\"><img loading=\"lazy\" decoding=\"async\" width=\"285\" height=\"152\" src=\"https:\/\/www.gs-tegernheim.de\/de\/wp-content\/uploads\/2013\/03\/RTEmagicC_schulberatung_10.gif\" alt=\"\" class=\"wp-image-1355\"\/><\/figure>\n<\/div>\n\n\n\n<div class=\"wp-block-column is-layout-flow wp-block-column-is-layout-flow\" style=\"flex-basis:66.66%\">\n<ul class=\"wp-block-list\">\n<li>bei Fragen zur Schullaufbahn<\/li>\n\n\n\n<li>bei Fragen der beruflichen Orientierung<\/li>\n\n\n\n<li>bei Lern- und Leistungsschwierigkeiten<\/li>\n\n\n\n<li>bei Verhaltensproblemenbei schulischen Krisensituationen<\/li>\n\n\n\n<li>bei besonderen Begabungen zur Unterst\u00fctzung von Schulentwicklung<\/li>\n<\/ul>\n<\/div>\n<\/div>\n\n\n\n<div class=\"wp-block-columns is-layout-flex wp-container-core-columns-is-layout-9d6595d7 wp-block-columns-is-layout-flex\">\n<div class=\"wp-block-column is-layout-flow wp-block-column-is-layout-flow\" style=\"flex-basis:50%\">\n<h3 class=\"wp-block-heading\" id=\"beratungs-lehrkraftfur-die-grundschule-tegernheim\">BERATUNGS-LEHRKRAFT<br>f\u00fcr die Grundschule Tegernheim<\/h3>\n<\/div>\n\n\n\n<div class=\"wp-block-column is-layout-flow wp-block-column-is-layout-flow\" style=\"flex-basis:66.66%\">\n<p><strong>Frau H. H\u00f6lzgen-Kliebisch, StRinGS<\/strong><br><br>Grundschule Thalmassing<br>Luckenpainter Stra\u00dfe 18<br>93107 Thalmassing<br><br><strong>Sprechstunde:<\/strong><br>Mittwoch nach Vereinbarung<br><br><strong>Telefonsprechzeit:<\/strong><br>Mittwoch: 8.00 \u2013 8.45 Uhr<br><br><strong>Tel.:<\/strong> 09453\/511 (Beratungsb\u00fcro, auch AB)<br><strong>Tel.:<\/strong> 09401\/9188512<br><strong>E-mail:<\/strong> <a href=\"mailto:schulberatung@schule-thalmassing.de\" data-type=\"mailto\" data-id=\"mailto:schulberatung@schule-thalmassing.de\">schulberatung@schule-thalmassing.de<\/a><\/p>\n<\/div>\n<\/div>\n\n\n\n<div class=\"wp-block-columns is-layout-flex wp-container-core-columns-is-layout-9d6595d7 wp-block-columns-is-layout-flex\">\n<div class=\"wp-block-column is-layout-flow wp-block-column-is-layout-flow\" style=\"flex-basis:50%\">\n<h3 class=\"wp-block-heading\" id=\"schulpsychologinfur-die-grundschule-tegernheim\">SCHULPSYCHOLOGIN<br>f\u00fcr die Grundschule Tegernheim<\/h3>\n<\/div>\n\n\n\n<div class=\"wp-block-column is-layout-flow wp-block-column-is-layout-flow\" style=\"flex-basis:66.66%\">\n<p><strong>Frau A. Roncevic, Lin<\/strong><br><br>GS Tegernheim<br>Kindlweg 18<br>93105 Tegernheim<br><br><strong>Telefonsprechzeit:<\/strong><br>Mittwoch 13.30 \u2013 14.30 Uhr<br><br><strong>Tel:<\/strong> 09403\/9529756 Fax: 09403\/507<br><strong>E-Mail:<\/strong> <a href=\"mailto:schulpsychologie@vs-tegernheim.de\" data-type=\"mailto\" data-id=\"mailto:schulpsychologie@vs-tegernheim.de\">schulpsychologie@vs-tegernheim.de<\/a><\/p>\n<\/div>\n<\/div>\n\n\n\n<div class=\"wp-block-columns is-layout-flex wp-container-core-columns-is-layout-9d6595d7 wp-block-columns-is-layout-flex\">\n<div class=\"wp-block-column is-layout-flow wp-block-column-is-layout-flow\" style=\"flex-basis:50%\">\n<h3 class=\"wp-block-heading\" id=\"zentrale-schulberatungsstellefur-die-oberpfalz\">ZENTRALE SCHULBERATUNGSSTELLE<br>F\u00dcR DIE OBERPFALZ<\/h3>\n<\/div>\n\n\n\n<div class=\"wp-block-column is-layout-flow wp-block-column-is-layout-flow\" style=\"flex-basis:66.66%\">\n<p>Weinweg 2<br>93049 Regensburg<br><br><strong>Telefon:<\/strong> 0941\/22036, Fax: 0941\/22037<br><strong>E-Mail:<\/strong> <a href=\"mailto:buero@sbopf.de\" data-type=\"mailto\" data-id=\"mailto:buero@sbopf.de\">buero@sbopf.de<\/a><br><br>Internet:<br><a href=\"https:\/\/www.km.bayern.de\/ministerium\/institutionen\/schulberatung\/oberpfalz.html\">www.schulberatung.bayern.de\/schulberatung\/oberpfalz<\/a><br><a href=\"https:\/\/www.km.bayern.de\/ministerium\/institutionen\/schulberatung.html\" target=\"_blank\" rel=\"noreferrer noopener\">www.schulberatung.bayern.de<\/a><\/p>\n<\/div>\n<\/div>\n\n\n\n<p><\/p>\n","protected":false},"excerpt":{"rendered":"<p>BERATUNGS-LEHRKRAFTf\u00fcr die Grundschule Tegernheim Frau H. H\u00f6lzgen-Kliebisch, StRinGS Grundschule ThalmassingLuckenpainter Stra\u00dfe 1893107 Thalmassing Sprechstunde:Mittwoch nach Vereinbarung Telefonsprechzeit:Mittwoch: 8.00 \u2013 8.45 Uhr Tel.: 09453\/511 (Beratungsb\u00fcro, auch AB)Tel.: 09401\/9188512E-mail: schulberatung@schule-thalmassing.de SCHULPSYCHOLOGINf\u00fcr die Grundschule Tegernheim Frau A. Roncevic, Lin GS TegernheimKindlweg 1893105 Tegernheim Telefonsprechzeit:Mittwoch 13.30 \u2013 14.30 Uhr Tel: 09403\/9529756 Fax: 09403\/507E-Mail: schulpsychologie@vs-tegernheim.de ZENTRALE SCHULBERATUNGSSTELLEF\u00dcR DIE OBERPFALZ Weinweg [&hellip;]<\/p>\n","protected":false},"author":4,"featured_media":0,"parent":0,"menu_order":3,"comment_status":"closed","ping_status":"closed","template":"","meta":{"_et_pb_use_builder":"","_et_pb_old_content":"","_et_gb_content_width":"","_custom_body_class":"","_custom_post_class":"","footnotes":""},"class_list":["post-108","page","type-page","status-publish","hentry"],"_links":{"self":[{"href":"https:\/\/www.gs-tegernheim.de\/de\/index.php?rest_route=\/wp\/v2\/pages\/108","targetHints":{"allow":["GET"]}}],"collection":[{"href":"https:\/\/www.gs-tegernheim.de\/de\/index.php?rest_route=\/wp\/v2\/pages"}],"about":[{"href":"https:\/\/www.gs-tegernheim.de\/de\/index.php?rest_route=\/wp\/v2\/types\/page"}],"author":[{"embeddable":true,"href":"https:\/\/www.gs-tegernheim.de\/de\/index.php?rest_route=\/wp\/v2\/users\/4"}],"replies":[{"embeddable":true,"href":"https:\/\/www.gs-tegernheim.de\/de\/index.php?rest_route=%2Fwp%2Fv2%2Fcomments&post=108"}],"version-history":[{"count":39,"href":"https:\/\/www.gs-tegernheim.de\/de\/index.php?rest_route=\/wp\/v2\/pages\/108\/revisions"}],"predecessor-version":[{"id":8663,"href":"https:\/\/www.gs-tegernheim.de\/de\/index.php?rest_route=\/wp\/v2\/pages\/108\/revisions\/8663"}],"wp:attachment":[{"href":"https:\/\/www.gs-tegernheim.de\/de\/index.php?rest_route=%2Fwp%2Fv2%2Fmedia&parent=108"}],"curies":[{"name":"wp","href":"https:\/\/api.w.org\/{rel}","templated":true}]}}